{"id":78300,"date":"2025-12-05T18:47:03","date_gmt":"2025-12-05T18:47:03","guid":{"rendered":"https:\/\/slowmoov.com\/dossier-de-presse\/"},"modified":"2025-12-05T19:03:34","modified_gmt":"2025-12-05T19:03:34","slug":"dossier-de-presse","status":"publish","type":"page","link":"https:\/\/slowmoov.com\/de\/dossier-de-presse\/","title":{"rendered":"Pressemappe"},"content":{"rendered":"\t\t<div data-elementor-type=\"wp-page\" data-elementor-id=\"78300\" class=\"elementor elementor-78300 elementor-78297\" data-elementor-post-type=\"page\">\n\t\t\t\t<div class=\"elementor-element elementor-element-44405059 e-con-full e-flex e-con e-parent\" data-id=\"44405059\" data-element_type=\"container\" data-e-type=\"container\" data-settings=\"{&quot;background_background&quot;:&quot;classic&quot;}\">\n\t\t<div class=\"elementor-element elementor-element-241e9aab e-flex e-con-boxed e-con e-child\" data-id=\"241e9aab\" data-element_type=\"container\" data-e-type=\"container\">\n\t\t\t\t\t<div class=\"e-con-inner\">\n\t\t\t\t<div class=\"elementor-element elementor-element-5ba12aff elementor-invisible elementor-widget elementor-widget-heading\" data-id=\"5ba12aff\" data-element_type=\"widget\" data-e-type=\"widget\" data-settings=\"{&quot;_animation&quot;:&quot;fadeIn&quot;}\" data-widget_type=\"heading.default\">\n\t\t\t\t\t<h2 class=\"elementor-heading-title elementor-size-default\">Pressemappe 2022\/2023<\/h2>\t\t\t\t<\/div>\n\t\t\t\t\t<\/div>\n\t\t\t\t<\/div>\n\t\t\t\t<\/div>\n\t\t<div class=\"elementor-element elementor-element-293574e5 e-flex e-con-boxed e-con e-parent\" data-id=\"293574e5\" data-element_type=\"container\" data-e-type=\"container\">\n\t\t\t\t\t<div class=\"e-con-inner\">\n\t\t\t\t<div class=\"elementor-element elementor-element-3751dd60 elementor-widget elementor-widget-text-editor\" data-id=\"3751dd60\" data-element_type=\"widget\" data-e-type=\"widget\" data-widget_type=\"text-editor.default\">\n\t\t\t\t\t\t\t\t\t<p>Geschichte des Unternehmens, Beschreibung der verschiedenen ungew\u00f6hnlichen Unterk\u00fcnfte und Vorstellung der drei Feriend\u00f6rfer..<strong>.<\/strong><br><strong>Willkommen bei Sloowmoov!<\/strong><\/p>\t\t\t\t\t\t\t\t<\/div>\n\t\t\t\t<div class=\"elementor-element elementor-element-c8c2a81 elementor-align-center elementor-widget elementor-widget-button\" data-id=\"c8c2a81\" data-element_type=\"widget\" data-e-type=\"widget\" data-widget_type=\"button.default\">\n\t\t\t\t\t\t\t\t\t\t<a class=\"elementor-button elementor-button-link elementor-size-sm\" href=\"#\">\n\t\t\t\t\t\t<span class=\"elementor-button-content-wrapper\">\n\t\t\t\t\t\t<span class=\"elementor-button-icon\">\n\t\t\t\t<svg aria-hidden=\"true\" class=\"e-font-icon-svg e-fas-download\" viewBox=\"0 0 512 512\" xmlns=\"http:\/\/www.w3.org\/2000\/svg\"><path d=\"M216 0h80c13.3 0 24 10.7 24 24v168h87.7c17.8 0 26.7 21.5 14.1 34.1L269.7 378.3c-7.5 7.5-19.8 7.5-27.3 0L90.1 226.1c-12.6-12.6-3.7-34.1 14.1-34.1H192V24c0-13.3 10.7-24 24-24zm296 376v112c0 13.3-10.7 24-24 24H24c-13.3 0-24-10.7-24-24V376c0-13.3 10.7-24 24-24h146.7l49 49c20.1 20.1 52.5 20.1 72.6 0l49-49H488c13.3 0 24 10.7 24 24zm-124 88c0-11-9-20-20-20s-20 9-20 20 9 20 20 20 20-9 20-20zm64 0c0-11-9-20-20-20s-20 9-20 20 9 20 20 20 20-9 20-20z\"><\/path><\/svg>\t\t\t<\/span>\n\t\t\t\t\t\t\t\t\t<span class=\"elementor-button-text\">Download der Pressemappe  <\/span>\n\t\t\t\t\t<\/span>\n\t\t\t\t\t<\/a>\n\t\t\t\t\t\t\t\t<\/div>\n\t\t\t\t\t<\/div>\n\t\t\t\t<\/div>\n\t\t<div class=\"elementor-element elementor-element-2ae64283 e-con-full e-flex e-con e-parent\" data-id=\"2ae64283\" data-element_type=\"container\" data-e-type=\"container\" data-settings=\"{&quot;background_background&quot;:&quot;classic&quot;}\">\n\t\t<div class=\"elementor-element elementor-element-3b2c1c38 e-flex e-con-boxed e-con e-child\" data-id=\"3b2c1c38\" data-element_type=\"container\" data-e-type=\"container\">\n\t\t\t\t\t<div class=\"e-con-inner\">\n\t\t\t\t<div class=\"elementor-element elementor-element-26d94584 elementor-invisible elementor-widget elementor-widget-heading\" data-id=\"26d94584\" data-element_type=\"widget\" data-e-type=\"widget\" data-settings=\"{&quot;_animation&quot;:&quot;fadeIn&quot;}\" data-widget_type=\"heading.default\">\n\t\t\t\t\t<h2 class=\"elementor-heading-title elementor-size-default\">Entdecken Sie unsere 3 Club-Resorts<\/h2>\t\t\t\t<\/div>\n\t\t\t\t<div class=\"elementor-element elementor-element-7ee56c5 elementor-widget elementor-widget-text-editor\" data-id=\"7ee56c5\" data-element_type=\"widget\" data-e-type=\"widget\" data-widget_type=\"text-editor.default\">\n\t\t\t\t\t\t\t\t\t<p>Zwischen gesch\u00fctzter Natur und ungew\u00f6hnlichen Unterk\u00fcnften laden<br>unsere D\u00f6rfer Sie zu einzigartigen Erlebnissen in ganz Frankreich ein.<\/p>\t\t\t\t\t\t\t\t<\/div>\n\t\t\t\t<div class=\"elementor-element elementor-element-10024786 elementor-widget elementor-widget-spacer\" data-id=\"10024786\" data-element_type=\"widget\" data-e-type=\"widget\" data-widget_type=\"spacer.default\">\n\t\t\t\t\t\t\t<div class=\"elementor-spacer\">\n\t\t\t<div class=\"elementor-spacer-inner\"><\/div>\n\t\t<\/div>\n\t\t\t\t\t\t<\/div>\n\t\t<div class=\"elementor-element elementor-element-465d9863 e-grid e-con-full e-con e-child\" data-id=\"465d9863\" data-element_type=\"container\" data-e-type=\"container\">\n\t\t\t\t<div class=\"elementor-element elementor-element-681c4af9 elementor-flip-box--direction-right elementor-flip-box--3d elementor-flip-box--effect-flip elementor-widget elementor-widget-flip-box\" data-id=\"681c4af9\" data-element_type=\"widget\" data-e-type=\"widget\" data-widget_type=\"flip-box.default\">\n\t\t\t\t\t\t\t<div class=\"elementor-flip-box\" tabindex=\"0\">\n\t\t\t<div class=\"elementor-flip-box__layer elementor-flip-box__front\">\n\t\t\t\t<div class=\"elementor-flip-box__layer__overlay\">\n\t\t\t\t\t<div class=\"elementor-flip-box__layer__inner\">\n\t\t\t\t\t\t\t\t\t\t\t\t\t<div class=\"elementor-icon-wrapper elementor-view-default\">\n\t\t\t\t\t\t\t\t<div class=\"elementor-icon\">\n\t\t\t\t\t\t\t\t\t<svg xmlns=\"http:\/\/www.w3.org\/2000\/svg\" width=\"40\" height=\"32\" viewBox=\"0 0 40 32\" fill=\"none\"><path d=\"M0 28V13.65C0 13.1167 0.1 12.6087 0.3 12.126C0.5 11.6433 0.783333 11.218 1.15 10.85L9.15 2.85C9.55 2.45 10 2.15 10.5 1.95C11 1.75 11.5 1.65 12 1.65C12.5 1.65 13 1.75 13.5 1.95C14 2.15 14.45 2.45 14.85 2.85L22.85 10.85C23.2167 11.2167 23.5 11.642 23.7 12.126C23.9 12.61 24 13.118 24 13.65V28C24 29.1 23.6087 30.042 22.826 30.826C22.0433 31.61 21.1013 32.0013 20 32H4C2.9 32 1.95867 31.6087 1.176 30.826C0.393333 30.0433 0.00133333 29.1013 0 28ZM4 28H10V24C10 23.4333 10.192 22.9587 10.576 22.576C10.96 22.1933 11.4347 22.0013 12 22C12.5653 21.9987 13.0407 22.1907 13.426 22.576C13.8113 22.9613 14.0027 23.436 14 24V28H20V13.65L12 5.65L4 13.65V28ZM28 30V10.35L21.05 3.4C20.4167 2.76667 20.2667 2.04134 20.6 1.224C20.9333 0.40667 21.55 -0.00133008 22.45 3.25733e-06C22.7167 3.25733e-06 22.9833 0.0586696 23.25 0.176003C23.5167 0.293336 23.7333 0.43467 23.9 0.600004L30.85 7.55C31.2167 7.91667 31.5 8.342 31.7 8.826C31.9 9.31 32 9.818 32 10.35V30C32 30.5667 31.808 31.042 31.424 31.426C31.04 31.81 30.5653 32.0013 30 32C29.4347 31.9987 28.96 31.8067 28.576 31.424C28.192 31.0413 28 30.5667 28 30ZM36 30V7.05L32.35 3.4C31.7167 2.76667 31.5667 2.04134 31.9 1.224C32.2333 0.40667 32.85 -0.00133008 33.75 3.25733e-06C34.0167 3.25733e-06 34.2833 0.0586696 34.55 0.176003C34.8167 0.293336 35.0333 0.43467 35.2 0.600004L38.85 4.25C39.2167 4.61667 39.5 5.042 39.7 5.526C39.9 6.01 40 6.518 40 7.05V30C40 30.5667 39.808 31.042 39.424 31.426C39.04 31.81 38.5653 32.0013 38 32C37.4347 31.9987 36.96 31.8067 36.576 31.424C36.192 31.0413 36 30.5667 36 30ZM12 18C11.4333 18 10.9587 17.808 10.576 17.424C10.1933 17.04 10.0013 16.5653 10 16C9.99867 15.4347 10.1907 14.96 10.576 14.576C10.9613 14.192 11.436 14 12 14C12.564 14 13.0393 14.192 13.426 14.576C13.8127 14.96 14.004 15.4347 14 16C13.996 16.5653 13.804 17.0407 13.424 17.426C13.044 17.8113 12.5693 18.0027 12 18Z\" fill=\"white\"><\/path><\/svg>\t\t\t\t\t\t\t\t<\/div>\n\t\t\t\t\t\t\t<\/div>\n\t\t\t\t\t\t\n\t\t\t\t\t\t\t\t\t\t\t\t\t<h3 class=\"elementor-flip-box__layer__title\">\n\t\t\t\t\t\t\t\tVillage toue des Demoiselles\t\t\t\t\t\t\t<\/h3>\n\t\t\t\t\t\t\n\t\t\t\t\t\t\t\t\t\t\t<\/div>\n\t\t\t\t<\/div>\n\t\t\t<\/div>\n\t\t\t<div class=\"elementor-flip-box__layer elementor-flip-box__back\">\n\t\t\t<div class=\"elementor-flip-box__layer__overlay\">\n\t\t\t\t<div class=\"elementor-flip-box__layer__inner\">\n\t\t\t\t\t\t\t\t\t\t\t<h3 class=\"elementor-flip-box__layer__title\">\n\t\t\t\t\t\t\tEin schwimmender Hafen auf der Loire\t\t\t\t\t\t<\/h3>\n\t\t\t\t\t\n\t\t\t\t\t\t\t\t\t\t\t<div class=\"elementor-flip-box__layer__description\">\n\t\t\t\t\t\t\tSchlafen Sie auf dem Wasser und lassen Sie sich von der Magie des Flusses in den Schlaf wiegen.\t\t\t\t\t\t<\/div>\n\t\t\t\t\t\n\t\t\t\t\t\t\t\t\t\t\t<a class=\"elementor-flip-box__button elementor-button elementor-size-md\" href=\"https:\/\/slowmoov.com\/de\/village-toue-des-demoiselles\/\">\n\t\t\t\t\t\t\tEntdecken Sie das Dorf\t\t\t\t\t\t<\/a>\n\t\t\t\t\t\t\t\t<\/div>\n\t\t<\/div>\n\t\t<\/div>\n\t\t<\/div>\n\t\t\t\t\t\t<\/div>\n\t\t\t\t<div class=\"elementor-element elementor-element-9691b15 elementor-flip-box--direction-right elementor-flip-box--3d elementor-flip-box--effect-flip elementor-widget elementor-widget-flip-box\" data-id=\"9691b15\" data-element_type=\"widget\" data-e-type=\"widget\" data-widget_type=\"flip-box.default\">\n\t\t\t\t\t\t\t<div class=\"elementor-flip-box\" tabindex=\"0\">\n\t\t\t<div class=\"elementor-flip-box__layer elementor-flip-box__front\">\n\t\t\t\t<div class=\"elementor-flip-box__layer__overlay\">\n\t\t\t\t\t<div class=\"elementor-flip-box__layer__inner\">\n\t\t\t\t\t\t\t\t\t\t\t\t\t<div class=\"elementor-icon-wrapper elementor-view-default\">\n\t\t\t\t\t\t\t\t<div class=\"elementor-icon\">\n\t\t\t\t\t\t\t\t\t<svg xmlns=\"http:\/\/www.w3.org\/2000\/svg\" width=\"40\" height=\"32\" viewBox=\"0 0 40 32\" fill=\"none\"><path d=\"M0 28V13.65C0 13.1167 0.1 12.6087 0.3 12.126C0.5 11.6433 0.783333 11.218 1.15 10.85L9.15 2.85C9.55 2.45 10 2.15 10.5 1.95C11 1.75 11.5 1.65 12 1.65C12.5 1.65 13 1.75 13.5 1.95C14 2.15 14.45 2.45 14.85 2.85L22.85 10.85C23.2167 11.2167 23.5 11.642 23.7 12.126C23.9 12.61 24 13.118 24 13.65V28C24 29.1 23.6087 30.042 22.826 30.826C22.0433 31.61 21.1013 32.0013 20 32H4C2.9 32 1.95867 31.6087 1.176 30.826C0.393333 30.0433 0.00133333 29.1013 0 28ZM4 28H10V24C10 23.4333 10.192 22.9587 10.576 22.576C10.96 22.1933 11.4347 22.0013 12 22C12.5653 21.9987 13.0407 22.1907 13.426 22.576C13.8113 22.9613 14.0027 23.436 14 24V28H20V13.65L12 5.65L4 13.65V28ZM28 30V10.35L21.05 3.4C20.4167 2.76667 20.2667 2.04134 20.6 1.224C20.9333 0.40667 21.55 -0.00133008 22.45 3.25733e-06C22.7167 3.25733e-06 22.9833 0.0586696 23.25 0.176003C23.5167 0.293336 23.7333 0.43467 23.9 0.600004L30.85 7.55C31.2167 7.91667 31.5 8.342 31.7 8.826C31.9 9.31 32 9.818 32 10.35V30C32 30.5667 31.808 31.042 31.424 31.426C31.04 31.81 30.5653 32.0013 30 32C29.4347 31.9987 28.96 31.8067 28.576 31.424C28.192 31.0413 28 30.5667 28 30ZM36 30V7.05L32.35 3.4C31.7167 2.76667 31.5667 2.04134 31.9 1.224C32.2333 0.40667 32.85 -0.00133008 33.75 3.25733e-06C34.0167 3.25733e-06 34.2833 0.0586696 34.55 0.176003C34.8167 0.293336 35.0333 0.43467 35.2 0.600004L38.85 4.25C39.2167 4.61667 39.5 5.042 39.7 5.526C39.9 6.01 40 6.518 40 7.05V30C40 30.5667 39.808 31.042 39.424 31.426C39.04 31.81 38.5653 32.0013 38 32C37.4347 31.9987 36.96 31.8067 36.576 31.424C36.192 31.0413 36 30.5667 36 30ZM12 18C11.4333 18 10.9587 17.808 10.576 17.424C10.1933 17.04 10.0013 16.5653 10 16C9.99867 15.4347 10.1907 14.96 10.576 14.576C10.9613 14.192 11.436 14 12 14C12.564 14 13.0393 14.192 13.426 14.576C13.8127 14.96 14.004 15.4347 14 16C13.996 16.5653 13.804 17.0407 13.424 17.426C13.044 17.8113 12.5693 18.0027 12 18Z\" fill=\"white\"><\/path><\/svg>\t\t\t\t\t\t\t\t<\/div>\n\t\t\t\t\t\t\t<\/div>\n\t\t\t\t\t\t\n\t\t\t\t\t\t\t\t\t\t\t\t\t<h3 class=\"elementor-flip-box__layer__title\">\n\t\t\t\t\t\t\t\tDorf Les Monedi\u00e8res\t\t\t\t\t\t\t<\/h3>\n\t\t\t\t\t\t\n\t\t\t\t\t\t\t\t\t\t\t<\/div>\n\t\t\t\t<\/div>\n\t\t\t<\/div>\n\t\t\t<div class=\"elementor-flip-box__layer elementor-flip-box__back\">\n\t\t\t<div class=\"elementor-flip-box__layer__overlay\">\n\t\t\t\t<div class=\"elementor-flip-box__layer__inner\">\n\t\t\t\t\t\t\t\t\t\t\t<h3 class=\"elementor-flip-box__layer__title\">\n\t\t\t\t\t\t\tEin Naturschatz im Herzen des Limousin.\t\t\t\t\t\t<\/h3>\n\t\t\t\t\t\n\t\t\t\t\t\t\t\t\t\t\t<div class=\"elementor-flip-box__layer__description\">\n\t\t\t\t\t\t\tW\u00e4lder, Seen und beruhigende H\u00fcgel f\u00fcr einen erholsamen und authentischen Aufenthalt.\t\t\t\t\t\t<\/div>\n\t\t\t\t\t\n\t\t\t\t\t\t\t\t\t\t\t<a class=\"elementor-flip-box__button elementor-button elementor-size-md\" href=\"https:\/\/slowmoov.com\/de\/village-des-monedieres\/\">\n\t\t\t\t\t\t\tEntdecken Sie das Dorf\t\t\t\t\t\t<\/a>\n\t\t\t\t\t\t\t\t<\/div>\n\t\t<\/div>\n\t\t<\/div>\n\t\t<\/div>\n\t\t\t\t\t\t<\/div>\n\t\t\t\t<div class=\"elementor-element elementor-element-35536ad5 elementor-flip-box--direction-right elementor-flip-box--3d elementor-flip-box--effect-flip elementor-widget elementor-widget-flip-box\" data-id=\"35536ad5\" data-element_type=\"widget\" data-e-type=\"widget\" data-widget_type=\"flip-box.default\">\n\t\t\t\t\t\t\t<div class=\"elementor-flip-box\" tabindex=\"0\">\n\t\t\t<div class=\"elementor-flip-box__layer elementor-flip-box__front\">\n\t\t\t\t<div class=\"elementor-flip-box__layer__overlay\">\n\t\t\t\t\t<div class=\"elementor-flip-box__layer__inner\">\n\t\t\t\t\t\t\t\t\t\t\t\t\t<div class=\"elementor-icon-wrapper elementor-view-default\">\n\t\t\t\t\t\t\t\t<div class=\"elementor-icon\">\n\t\t\t\t\t\t\t\t\t<svg xmlns=\"http:\/\/www.w3.org\/2000\/svg\" width=\"40\" height=\"32\" viewBox=\"0 0 40 32\" fill=\"none\"><path d=\"M0 28V13.65C0 13.1167 0.1 12.6087 0.3 12.126C0.5 11.6433 0.783333 11.218 1.15 10.85L9.15 2.85C9.55 2.45 10 2.15 10.5 1.95C11 1.75 11.5 1.65 12 1.65C12.5 1.65 13 1.75 13.5 1.95C14 2.15 14.45 2.45 14.85 2.85L22.85 10.85C23.2167 11.2167 23.5 11.642 23.7 12.126C23.9 12.61 24 13.118 24 13.65V28C24 29.1 23.6087 30.042 22.826 30.826C22.0433 31.61 21.1013 32.0013 20 32H4C2.9 32 1.95867 31.6087 1.176 30.826C0.393333 30.0433 0.00133333 29.1013 0 28ZM4 28H10V24C10 23.4333 10.192 22.9587 10.576 22.576C10.96 22.1933 11.4347 22.0013 12 22C12.5653 21.9987 13.0407 22.1907 13.426 22.576C13.8113 22.9613 14.0027 23.436 14 24V28H20V13.65L12 5.65L4 13.65V28ZM28 30V10.35L21.05 3.4C20.4167 2.76667 20.2667 2.04134 20.6 1.224C20.9333 0.40667 21.55 -0.00133008 22.45 3.25733e-06C22.7167 3.25733e-06 22.9833 0.0586696 23.25 0.176003C23.5167 0.293336 23.7333 0.43467 23.9 0.600004L30.85 7.55C31.2167 7.91667 31.5 8.342 31.7 8.826C31.9 9.31 32 9.818 32 10.35V30C32 30.5667 31.808 31.042 31.424 31.426C31.04 31.81 30.5653 32.0013 30 32C29.4347 31.9987 28.96 31.8067 28.576 31.424C28.192 31.0413 28 30.5667 28 30ZM36 30V7.05L32.35 3.4C31.7167 2.76667 31.5667 2.04134 31.9 1.224C32.2333 0.40667 32.85 -0.00133008 33.75 3.25733e-06C34.0167 3.25733e-06 34.2833 0.0586696 34.55 0.176003C34.8167 0.293336 35.0333 0.43467 35.2 0.600004L38.85 4.25C39.2167 4.61667 39.5 5.042 39.7 5.526C39.9 6.01 40 6.518 40 7.05V30C40 30.5667 39.808 31.042 39.424 31.426C39.04 31.81 38.5653 32.0013 38 32C37.4347 31.9987 36.96 31.8067 36.576 31.424C36.192 31.0413 36 30.5667 36 30ZM12 18C11.4333 18 10.9587 17.808 10.576 17.424C10.1933 17.04 10.0013 16.5653 10 16C9.99867 15.4347 10.1907 14.96 10.576 14.576C10.9613 14.192 11.436 14 12 14C12.564 14 13.0393 14.192 13.426 14.576C13.8127 14.96 14.004 15.4347 14 16C13.996 16.5653 13.804 17.0407 13.424 17.426C13.044 17.8113 12.5693 18.0027 12 18Z\" fill=\"white\"><\/path><\/svg>\t\t\t\t\t\t\t\t<\/div>\n\t\t\t\t\t\t\t<\/div>\n\t\t\t\t\t\t\n\t\t\t\t\t\t\t\t\t\t\t\t\t<h3 class=\"elementor-flip-box__layer__title\">\n\t\t\t\t\t\t\t\tDorf in der Champagne\t\t\t\t\t\t\t<\/h3>\n\t\t\t\t\t\t\n\t\t\t\t\t\t\t\t\t\t\t<\/div>\n\t\t\t\t<\/div>\n\t\t\t<\/div>\n\t\t\t<div class=\"elementor-flip-box__layer elementor-flip-box__back\">\n\t\t\t<div class=\"elementor-flip-box__layer__overlay\">\n\t\t\t\t<div class=\"elementor-flip-box__layer__inner\">\n\t\t\t\t\t\t\t\t\t\t\t<h3 class=\"elementor-flip-box__layer__title\">\n\t\t\t\t\t\t\tZwischen Weinbergen, Weinkellern und malerischen D\u00f6rfern.\t\t\t\t\t\t<\/h3>\n\t\t\t\t\t\n\t\t\t\t\t\t\t\t\t\t\t<div class=\"elementor-flip-box__layer__description\">\n\t\t\t\t\t\t\tEin prickelnder Aufenthalt im Rhythmus der sanften Champagne.\t\t\t\t\t\t<\/div>\n\t\t\t\t\t\n\t\t\t\t\t\t\t\t\t\t\t<a class=\"elementor-flip-box__button elementor-button elementor-size-md\" href=\"https:\/\/slowmoov.com\/de\/village-de-la-champagne\/\">\n\t\t\t\t\t\t\tEntdecken Sie das Dorf\t\t\t\t\t\t<\/a>\n\t\t\t\t\t\t\t\t<\/div>\n\t\t<\/div>\n\t\t<\/div>\n\t\t<\/div>\n\t\t\t\t\t\t<\/div>\n\t\t\t\t<\/div>\n\t\t\t\t\t<\/div>\n\t\t\t\t<\/div>\n\t\t\t\t<\/div>\n\t\t\t\t<\/div>\n\t\t","protected":false},"excerpt":{"rendered":"<p>Pressemappe 2022\/2023 Geschichte des Unternehmens, Beschreibung der verschiedenen ungew\u00f6hnlichen Unterk\u00fcnfte und Vorstellung der drei Feriend\u00f6rfer&#8230;Willkommen bei Sloowmoov! Download der Pressemappe Entdecken Sie unsere 3 Club-Resorts Zwischen gesch\u00fctzter Natur und ungew\u00f6hnlichen Unterk\u00fcnften ladenunsere D\u00f6rfer Sie zu einzigartigen Erlebnissen in ganz Frankreich ein. Village toue des Demoiselles Ein schwimmender Hafen auf der Loire Schlafen Sie auf dem [&hellip;]<\/p>\n","protected":false},"author":5,"featured_media":0,"parent":0,"menu_order":0,"comment_status":"closed","ping_status":"closed","template":"","meta":{"_acf_changed":false,"footnotes":""},"class_list":["post-78300","page","type-page","status-publish","hentry"],"acf":[],"yoast_head":"<!-- This site is optimized with the Yoast SEO plugin v27.6 - https:\/\/yoast.com\/product\/yoast-seo-wordpress\/ -->\n<title>Pressemappe - SlowMoov \u2013 Au\u00dfergew\u00f6hnliche D\u00f6rfer<\/title>\n<meta name=\"robots\" content=\"index, follow, max-snippet:-1, max-image-preview:large, max-video-preview:-1\" \/>\n<link rel=\"canonical\" href=\"https:\/\/slowmoov.com\/de\/dossier-de-presse\/\" \/>\n<meta property=\"og:locale\" content=\"de_DE\" \/>\n<meta property=\"og:type\" content=\"article\" \/>\n<meta property=\"og:title\" content=\"Pressemappe - SlowMoov \u2013 Au\u00dfergew\u00f6hnliche D\u00f6rfer\" \/>\n<meta property=\"og:description\" content=\"Pressemappe 2022\/2023 Geschichte des Unternehmens, Beschreibung der verschiedenen ungew\u00f6hnlichen Unterk\u00fcnfte und Vorstellung der drei Feriend\u00f6rfer...Willkommen bei Sloowmoov! Download der Pressemappe Entdecken Sie unsere 3 Club-Resorts Zwischen gesch\u00fctzter Natur und ungew\u00f6hnlichen Unterk\u00fcnften ladenunsere D\u00f6rfer Sie zu einzigartigen Erlebnissen in ganz Frankreich ein. Village toue des Demoiselles Ein schwimmender Hafen auf der Loire Schlafen Sie auf dem [&hellip;]\" \/>\n<meta property=\"og:url\" content=\"https:\/\/slowmoov.com\/de\/dossier-de-presse\/\" \/>\n<meta property=\"og:site_name\" content=\"SlowMoov \u2013 Au\u00dfergew\u00f6hnliche D\u00f6rfer\" \/>\n<meta property=\"article:publisher\" content=\"https:\/\/www.facebook.com\/slowmoov\/\" \/>\n<meta property=\"article:modified_time\" content=\"2025-12-05T19:03:34+00:00\" \/>\n<meta name=\"twitter:card\" content=\"summary_large_image\" \/>\n<meta name=\"twitter:site\" content=\"@slowmoov\" \/>\n<meta name=\"twitter:label1\" content=\"Gesch\u00e4tzte Lesezeit\" \/>\n\t<meta name=\"twitter:data1\" content=\"1\u00a0Minute\" \/>\n<script type=\"application\/ld+json\" class=\"yoast-schema-graph\">{\"@context\":\"https:\\\/\\\/schema.org\",\"@graph\":[{\"@type\":\"WebPage\",\"@id\":\"https:\\\/\\\/slowmoov.com\\\/de\\\/dossier-de-presse\\\/\",\"url\":\"https:\\\/\\\/slowmoov.com\\\/de\\\/dossier-de-presse\\\/\",\"name\":\"Pressemappe - SlowMoov \u2013 Au\u00dfergew\u00f6hnliche D\u00f6rfer\",\"isPartOf\":{\"@id\":\"https:\\\/\\\/slowmoov.com\\\/de\\\/#website\"},\"datePublished\":\"2025-12-05T18:47:03+00:00\",\"dateModified\":\"2025-12-05T19:03:34+00:00\",\"breadcrumb\":{\"@id\":\"https:\\\/\\\/slowmoov.com\\\/de\\\/dossier-de-presse\\\/#breadcrumb\"},\"inLanguage\":\"de\",\"potentialAction\":[{\"@type\":\"ReadAction\",\"target\":[\"https:\\\/\\\/slowmoov.com\\\/de\\\/dossier-de-presse\\\/\"]}]},{\"@type\":\"BreadcrumbList\",\"@id\":\"https:\\\/\\\/slowmoov.com\\\/de\\\/dossier-de-presse\\\/#breadcrumb\",\"itemListElement\":[{\"@type\":\"ListItem\",\"position\":1,\"name\":\"Accueil\",\"item\":\"https:\\\/\\\/slowmoov.com\\\/de\\\/\"},{\"@type\":\"ListItem\",\"position\":2,\"name\":\"Pressemappe\"}]},{\"@type\":\"WebSite\",\"@id\":\"https:\\\/\\\/slowmoov.com\\\/de\\\/#website\",\"url\":\"https:\\\/\\\/slowmoov.com\\\/de\\\/\",\"name\":\"SlowMoov - Villages insolites\",\"description\":\"Venez passer vos prochaines vacances originales chez Slowmoov !\",\"publisher\":{\"@id\":\"https:\\\/\\\/slowmoov.com\\\/de\\\/#organization\"},\"potentialAction\":[{\"@type\":\"SearchAction\",\"target\":{\"@type\":\"EntryPoint\",\"urlTemplate\":\"https:\\\/\\\/slowmoov.com\\\/de\\\/?s={search_term_string}\"},\"query-input\":{\"@type\":\"PropertyValueSpecification\",\"valueRequired\":true,\"valueName\":\"search_term_string\"}}],\"inLanguage\":\"de\"},{\"@type\":\"Organization\",\"@id\":\"https:\\\/\\\/slowmoov.com\\\/de\\\/#organization\",\"name\":\"SlowMoov\",\"url\":\"https:\\\/\\\/slowmoov.com\\\/de\\\/\",\"logo\":{\"@type\":\"ImageObject\",\"inLanguage\":\"de\",\"@id\":\"https:\\\/\\\/slowmoov.com\\\/de\\\/#\\\/schema\\\/logo\\\/image\\\/\",\"url\":\"https:\\\/\\\/slowmoov.com\\\/wp-content\\\/uploads\\\/2025\\\/09\\\/logo-slowmoov-1.png\",\"contentUrl\":\"https:\\\/\\\/slowmoov.com\\\/wp-content\\\/uploads\\\/2025\\\/09\\\/logo-slowmoov-1.png\",\"width\":2234,\"height\":716,\"caption\":\"SlowMoov\"},\"image\":{\"@id\":\"https:\\\/\\\/slowmoov.com\\\/de\\\/#\\\/schema\\\/logo\\\/image\\\/\"},\"sameAs\":[\"https:\\\/\\\/www.facebook.com\\\/slowmoov\\\/\",\"https:\\\/\\\/x.com\\\/slowmoov\",\"https:\\\/\\\/www.instagram.com\\\/slowmoov_villages_insolites\\\/\",\"https:\\\/\\\/www.youtube.com\\\/channel\\\/UCqwuY0zlhJy1YsVWbnm-V7A\"]}]}<\/script>\n<!-- \/ Yoast SEO plugin. -->","yoast_head_json":{"title":"Pressemappe - SlowMoov \u2013 Au\u00dfergew\u00f6hnliche D\u00f6rfer","robots":{"index":"index","follow":"follow","max-snippet":"max-snippet:-1","max-image-preview":"max-image-preview:large","max-video-preview":"max-video-preview:-1"},"canonical":"https:\/\/slowmoov.com\/de\/dossier-de-presse\/","og_locale":"de_DE","og_type":"article","og_title":"Pressemappe - SlowMoov \u2013 Au\u00dfergew\u00f6hnliche D\u00f6rfer","og_description":"Pressemappe 2022\/2023 Geschichte des Unternehmens, Beschreibung der verschiedenen ungew\u00f6hnlichen Unterk\u00fcnfte und Vorstellung der drei Feriend\u00f6rfer...Willkommen bei Sloowmoov! Download der Pressemappe Entdecken Sie unsere 3 Club-Resorts Zwischen gesch\u00fctzter Natur und ungew\u00f6hnlichen Unterk\u00fcnften ladenunsere D\u00f6rfer Sie zu einzigartigen Erlebnissen in ganz Frankreich ein. Village toue des Demoiselles Ein schwimmender Hafen auf der Loire Schlafen Sie auf dem [&hellip;]","og_url":"https:\/\/slowmoov.com\/de\/dossier-de-presse\/","og_site_name":"SlowMoov \u2013 Au\u00dfergew\u00f6hnliche D\u00f6rfer","article_publisher":"https:\/\/www.facebook.com\/slowmoov\/","article_modified_time":"2025-12-05T19:03:34+00:00","twitter_card":"summary_large_image","twitter_site":"@slowmoov","twitter_misc":{"Gesch\u00e4tzte Lesezeit":"1\u00a0Minute"},"schema":{"@context":"https:\/\/schema.org","@graph":[{"@type":"WebPage","@id":"https:\/\/slowmoov.com\/de\/dossier-de-presse\/","url":"https:\/\/slowmoov.com\/de\/dossier-de-presse\/","name":"Pressemappe - SlowMoov \u2013 Au\u00dfergew\u00f6hnliche D\u00f6rfer","isPartOf":{"@id":"https:\/\/slowmoov.com\/de\/#website"},"datePublished":"2025-12-05T18:47:03+00:00","dateModified":"2025-12-05T19:03:34+00:00","breadcrumb":{"@id":"https:\/\/slowmoov.com\/de\/dossier-de-presse\/#breadcrumb"},"inLanguage":"de","potentialAction":[{"@type":"ReadAction","target":["https:\/\/slowmoov.com\/de\/dossier-de-presse\/"]}]},{"@type":"BreadcrumbList","@id":"https:\/\/slowmoov.com\/de\/dossier-de-presse\/#breadcrumb","itemListElement":[{"@type":"ListItem","position":1,"name":"Accueil","item":"https:\/\/slowmoov.com\/de\/"},{"@type":"ListItem","position":2,"name":"Pressemappe"}]},{"@type":"WebSite","@id":"https:\/\/slowmoov.com\/de\/#website","url":"https:\/\/slowmoov.com\/de\/","name":"SlowMoov - Villages insolites","description":"Venez passer vos prochaines vacances originales chez Slowmoov !","publisher":{"@id":"https:\/\/slowmoov.com\/de\/#organization"},"potentialAction":[{"@type":"SearchAction","target":{"@type":"EntryPoint","urlTemplate":"https:\/\/slowmoov.com\/de\/?s={search_term_string}"},"query-input":{"@type":"PropertyValueSpecification","valueRequired":true,"valueName":"search_term_string"}}],"inLanguage":"de"},{"@type":"Organization","@id":"https:\/\/slowmoov.com\/de\/#organization","name":"SlowMoov","url":"https:\/\/slowmoov.com\/de\/","logo":{"@type":"ImageObject","inLanguage":"de","@id":"https:\/\/slowmoov.com\/de\/#\/schema\/logo\/image\/","url":"https:\/\/slowmoov.com\/wp-content\/uploads\/2025\/09\/logo-slowmoov-1.png","contentUrl":"https:\/\/slowmoov.com\/wp-content\/uploads\/2025\/09\/logo-slowmoov-1.png","width":2234,"height":716,"caption":"SlowMoov"},"image":{"@id":"https:\/\/slowmoov.com\/de\/#\/schema\/logo\/image\/"},"sameAs":["https:\/\/www.facebook.com\/slowmoov\/","https:\/\/x.com\/slowmoov","https:\/\/www.instagram.com\/slowmoov_villages_insolites\/","https:\/\/www.youtube.com\/channel\/UCqwuY0zlhJy1YsVWbnm-V7A"]}]}},"_links":{"self":[{"href":"https:\/\/slowmoov.com\/de\/wp-json\/wp\/v2\/pages\/78300","targetHints":{"allow":["GET"]}}],"collection":[{"href":"https:\/\/slowmoov.com\/de\/wp-json\/wp\/v2\/pages"}],"about":[{"href":"https:\/\/slowmoov.com\/de\/wp-json\/wp\/v2\/types\/page"}],"author":[{"embeddable":true,"href":"https:\/\/slowmoov.com\/de\/wp-json\/wp\/v2\/users\/5"}],"replies":[{"embeddable":true,"href":"https:\/\/slowmoov.com\/de\/wp-json\/wp\/v2\/comments?post=78300"}],"version-history":[{"count":0,"href":"https:\/\/slowmoov.com\/de\/wp-json\/wp\/v2\/pages\/78300\/revisions"}],"wp:attachment":[{"href":"https:\/\/slowmoov.com\/de\/wp-json\/wp\/v2\/media?parent=78300"}],"curies":[{"name":"wp","href":"https:\/\/api.w.org\/{rel}","templated":true}]}}