{"id":75129,"date":"2025-10-02T05:52:59","date_gmt":"2025-10-02T05:52:59","guid":{"rendered":"https:\/\/slowmoov.com\/fotowettbewerb\/"},"modified":"2026-03-17T09:44:40","modified_gmt":"2026-03-17T09:44:40","slug":"concours-photo","status":"publish","type":"page","link":"https:\/\/slowmoov.com\/de\/concours-photo\/","title":{"rendered":"Fotowettbewerb"},"content":{"rendered":"\t\t<div data-elementor-type=\"wp-page\" data-elementor-id=\"75129\" class=\"elementor elementor-75129 elementor-3328\" data-elementor-post-type=\"page\">\n\t\t\t\t<div class=\"elementor-element elementor-element-96cbbdf e-con-full e-flex e-con e-parent\" data-id=\"96cbbdf\" data-element_type=\"container\" data-e-type=\"container\" data-settings=\"{&quot;background_background&quot;:&quot;classic&quot;}\">\n\t\t<div class=\"elementor-element elementor-element-a850dae e-flex e-con-boxed e-con e-child\" data-id=\"a850dae\" data-element_type=\"container\" data-e-type=\"container\">\n\t\t\t\t\t<div class=\"e-con-inner\">\n\t\t\t\t<div class=\"elementor-element elementor-element-fb34038 elementor-widget elementor-widget-heading\" data-id=\"fb34038\" data-element_type=\"widget\" data-e-type=\"widget\" data-widget_type=\"heading.default\">\n\t\t\t\t\t<h1 class=\"elementor-heading-title elementor-size-default\">Slowmoov-Fotowettbewerb<\/h1>\t\t\t\t<\/div>\n\t\t\t\t\t<\/div>\n\t\t\t\t<\/div>\n\t\t\t\t<\/div>\n\t\t<div class=\"elementor-element elementor-element-a536933 e-flex e-con-boxed e-con e-parent\" data-id=\"a536933\" data-element_type=\"container\" data-e-type=\"container\">\n\t\t\t\t\t<div class=\"e-con-inner\">\n\t\t<div class=\"elementor-element elementor-element-4ad6b95 e-con-full e-flex e-con e-child\" data-id=\"4ad6b95\" data-element_type=\"container\" data-e-type=\"container\">\n\t\t\t\t<div class=\"elementor-element elementor-element-082bed4 elementor-widget elementor-widget-heading\" data-id=\"082bed4\" data-element_type=\"widget\" data-e-type=\"widget\" data-widget_type=\"heading.default\">\n\t\t\t\t\t<h2 class=\"elementor-heading-title elementor-size-default\">Nehmen Sie am Slowmoov 2026 Fotowettbewerb teil \n<br> Erleben Sie das Abenteuer und gewinnen Sie einen unvergesslichen Aufenthalt!<\/h2>\t\t\t\t<\/div>\n\t\t\t\t<div class=\"elementor-element elementor-element-c034135 elementor-widget__width-inherit elementor-widget elementor-widget-text-editor\" data-id=\"c034135\" data-element_type=\"widget\" data-e-type=\"widget\" data-widget_type=\"text-editor.default\">\n\t\t\t\t\t\t\t\t\t<p>Haben Sie eine magische Zeit in unseren D\u00f6rfern verbracht? Ihr Slowmoov-Aufenthalt hat Ihnen unvergessliche Erinnerungen beschert?  Nun, dies ist Ihre Chance, diese Momente wieder aufleben zu lassen und einen noch unglaublicheren Urlaub zu gewinnen!  <strong>Nehmen Sie am Wettbewerb &#8222;Meine sch\u00f6nsten ungew\u00f6hnlichen Fotos&#8220; teil.<\/strong><\/p><p><strong><em>Wie k\u00f6nnen Sie teilnehmen? Es ist einfach und macht Spa\u00df! <\/em><\/strong><\/p><h3><span style=\"color: #03717b;\">Wie Sie teilnehmen k\u00f6nnen :<\/span><\/h3><p>1-W\u00e4hlen Sie Ihre 3 Fotos von Ihrem Aufenthalt bei Slowmoov aus den folgenden 3 Themenbereichen aus: Ihre Unterkunft, ein Detail, das Sie beeindruckt hat, und ein lustiges Foto, das Sie immer zum L\u00e4cheln bringt.<\/p><p>2-Senden Sie uns Ihre 3 Fotos (in hoher Aufl\u00f6sung) an concours-photos@slowmoov.fr. Wir werden Ihre Fotos auf unserer Website <a href=\"http:\/\/www.slowmoov.com\/\">www.slowmoov.com<\/a> mit einer kurzen Beschreibung f\u00fcr jedes Bild ver\u00f6ffentlichen. <\/p><p>Ihre 3 Fotos werden auf unserer Website auf einer speziellen Seite f\u00fcr diesen Wettbewerb ver\u00f6ffentlicht und k\u00f6nnen \u00fcber alle unsere Web- und Printmedien weitergeleitet werden.<\/p><p>Stellen Sie sich vor, Sie sitzen auf unserem Toue Caban\u00e9e, umgeben von der Ruhe der Natur, oder vielleicht bevorzugen Sie einen magischen Aufenthalt in unserem Robinson&#8217;s Dream&#8230; Was auch immer Sie w\u00e4hlen, ein unvergessliches Erlebnis erwartet Sie!<\/p><h4><strong><em>Wichtige Details :<\/em><\/strong><\/h4><h3><span style=\"color: #03717b;\">Auszeichnungen :<\/span><\/h3><ul><li><img decoding=\"async\" class=\"an1\" src=\"https:\/\/fonts.gstatic.com\/s\/e\/notoemoji\/14.0\/1f3c6\/72.png\" alt=\"\ud83c\udfc6\" width=\"49\" height=\"49\" data-emoji=\"\ud83c\udfc6\" aria-label=\"\ud83c\udfc6\">  Los 1: Ein Aufenthalt von 2 N\u00e4chten in einem unserer Caban\u00e9-Toues.<\/li><li><img decoding=\"async\" class=\"an1\" src=\"https:\/\/fonts.gstatic.com\/s\/e\/notoemoji\/14.0\/1f948\/72.png\" alt=\"\ud83e\udd48\" width=\"50\" height=\"50\" data-emoji=\"\ud83e\udd48\" aria-label=\"\ud83e\udd48\">  Los 2: Eine Nacht in unserer Unterkunft, dem Zigeunerwagen &#8222;G\u00eete&#8220;.<\/li><li><img decoding=\"async\" class=\"an1\" src=\"https:\/\/fonts.gstatic.com\/s\/e\/notoemoji\/14.0\/1f949\/72.png\" alt=\"\ud83e\udd49\" width=\"48\" height=\"48\" data-emoji=\"\ud83e\udd49\" aria-label=\"\ud83e\udd49\">Los 3: Eine Nacht in unserer Unterkunft &#8222;Cabane Magique&#8220;.  <\/li><\/ul>\t\t\t\t\t\t\t\t<\/div>\n\t\t<div class=\"elementor-element elementor-element-77420a5 e-con-full e-flex e-con e-child\" data-id=\"77420a5\" data-element_type=\"container\" data-e-type=\"container\">\n\t\t\t\t<div class=\"elementor-element elementor-element-6e1a7d2 elementor-widget elementor-widget-image\" data-id=\"6e1a7d2\" data-element_type=\"widget\" data-e-type=\"widget\" data-widget_type=\"image.default\">\n\t\t\t\t\t\t\t\t\t\t\t\t\t\t\t<img loading=\"lazy\" decoding=\"async\" width=\"800\" height=\"184\" src=\"https:\/\/slowmoov.com\/wp-content\/uploads\/2025\/10\/banner-photos-2024-1680x386-1-1024x235.webp\" class=\"attachment-large size-large wp-image-79816\" alt=\"\" srcset=\"https:\/\/slowmoov.com\/wp-content\/uploads\/2025\/10\/banner-photos-2024-1680x386-1-1024x235.webp 1024w, https:\/\/slowmoov.com\/wp-content\/uploads\/2025\/10\/banner-photos-2024-1680x386-1-300x69.webp 300w, https:\/\/slowmoov.com\/wp-content\/uploads\/2025\/10\/banner-photos-2024-1680x386-1-768x176.webp 768w, https:\/\/slowmoov.com\/wp-content\/uploads\/2025\/10\/banner-photos-2024-1680x386-1-1536x353.webp 1536w, https:\/\/slowmoov.com\/wp-content\/uploads\/2025\/10\/banner-photos-2024-1680x386-1.webp 1680w\" sizes=\"(max-width: 800px) 100vw, 800px\" \/>\t\t\t\t\t\t\t\t\t\t\t\t\t\t\t<\/div>\n\t\t\t\t<div class=\"elementor-element elementor-element-0f37e14 elementor-widget__width-inherit elementor-widget elementor-widget-text-editor\" data-id=\"0f37e14\" data-element_type=\"widget\" data-e-type=\"widget\" data-widget_type=\"text-editor.default\">\n\t\t\t\t\t\t\t\t\t<h2><span style=\"color: #03717b;\">Nur ein Los pro Teilnehmer.<\/span><\/h2><p>Die Abstimmungen sind vom <strong>01.01.2027 bis zum 01.03.2027<\/strong> ge\u00f6ffnet.<\/p><h3><span style=\"color: #ed7c97;\">  Die Ergebnisse werden ab April 2027 bekannt gegeben.<\/span><\/h3><p>Sind Sie bereit f\u00fcr ein neues Abenteuer mit Slowmoov?<\/p><p>G\u00fcltig f\u00fcr einen Aufenthalt zwischen <strong>M\u00e4rz\/Juni 2027<\/strong> und <strong>September\/November 2027<\/strong>, au\u00dfer an Feiertagen, je nach Verf\u00fcgbarkeit.<\/p><p>Die Fotos werden auch \u00fcber unsere <strong>sozialen Netzwerke<\/strong> verbreitet <strong>:<\/strong><\/p>\t\t\t\t\t\t\t\t<\/div>\n\t\t\t\t<div class=\"elementor-element elementor-element-2ebe346 elementor-icon-list--layout-traditional elementor-list-item-link-full_width elementor-widget elementor-widget-icon-list\" data-id=\"2ebe346\" data-element_type=\"widget\" data-e-type=\"widget\" data-widget_type=\"icon-list.default\">\n\t\t\t\t\t\t\t<ul class=\"elementor-icon-list-items\">\n\t\t\t\t\t\t\t<li class=\"elementor-icon-list-item\">\n\t\t\t\t\t\t\t\t\t\t\t<a href=\"https:\/\/www.facebook.com\/slowmoovtouecabanee\">\n\n\t\t\t\t\t\t\t\t\t\t\t\t<span class=\"elementor-icon-list-icon\">\n\t\t\t\t\t\t\t<svg aria-hidden=\"true\" class=\"e-font-icon-svg e-fab-facebook-square\" viewBox=\"0 0 448 512\" xmlns=\"http:\/\/www.w3.org\/2000\/svg\"><path d=\"M400 32H48A48 48 0 0 0 0 80v352a48 48 0 0 0 48 48h137.25V327.69h-63V256h63v-54.64c0-62.15 37-96.48 93.67-96.48 27.14 0 55.52 4.84 55.52 4.84v61h-31.27c-30.81 0-40.42 19.12-40.42 38.73V256h68.78l-11 71.69h-57.78V480H400a48 48 0 0 0 48-48V80a48 48 0 0 0-48-48z\"><\/path><\/svg>\t\t\t\t\t\t<\/span>\n\t\t\t\t\t\t\t\t\t\t<span class=\"elementor-icon-list-text\">https:\/\/www.facebook.com\/slowmoovtouecabanee<\/span>\n\t\t\t\t\t\t\t\t\t\t\t<\/a>\n\t\t\t\t\t\t\t\t\t<\/li>\n\t\t\t\t\t\t\t\t<li class=\"elementor-icon-list-item\">\n\t\t\t\t\t\t\t\t\t\t\t<a href=\"https:\/\/www.facebook.com\/slowmoovMonedieres\">\n\n\t\t\t\t\t\t\t\t\t\t\t\t<span class=\"elementor-icon-list-icon\">\n\t\t\t\t\t\t\t<svg aria-hidden=\"true\" class=\"e-font-icon-svg e-fab-facebook-square\" viewBox=\"0 0 448 512\" xmlns=\"http:\/\/www.w3.org\/2000\/svg\"><path d=\"M400 32H48A48 48 0 0 0 0 80v352a48 48 0 0 0 48 48h137.25V327.69h-63V256h63v-54.64c0-62.15 37-96.48 93.67-96.48 27.14 0 55.52 4.84 55.52 4.84v61h-31.27c-30.81 0-40.42 19.12-40.42 38.73V256h68.78l-11 71.69h-57.78V480H400a48 48 0 0 0 48-48V80a48 48 0 0 0-48-48z\"><\/path><\/svg>\t\t\t\t\t\t<\/span>\n\t\t\t\t\t\t\t\t\t\t<span class=\"elementor-icon-list-text\">https:\/\/www.facebook.com\/slowmoovMonedieres<\/span>\n\t\t\t\t\t\t\t\t\t\t\t<\/a>\n\t\t\t\t\t\t\t\t\t<\/li>\n\t\t\t\t\t\t\t\t<li class=\"elementor-icon-list-item\">\n\t\t\t\t\t\t\t\t\t\t\t<a href=\"https:\/\/www.facebook.com\/slowmoovchampagne\">\n\n\t\t\t\t\t\t\t\t\t\t\t\t<span class=\"elementor-icon-list-icon\">\n\t\t\t\t\t\t\t<svg aria-hidden=\"true\" class=\"e-font-icon-svg e-fab-facebook-square\" viewBox=\"0 0 448 512\" xmlns=\"http:\/\/www.w3.org\/2000\/svg\"><path d=\"M400 32H48A48 48 0 0 0 0 80v352a48 48 0 0 0 48 48h137.25V327.69h-63V256h63v-54.64c0-62.15 37-96.48 93.67-96.48 27.14 0 55.52 4.84 55.52 4.84v61h-31.27c-30.81 0-40.42 19.12-40.42 38.73V256h68.78l-11 71.69h-57.78V480H400a48 48 0 0 0 48-48V80a48 48 0 0 0-48-48z\"><\/path><\/svg>\t\t\t\t\t\t<\/span>\n\t\t\t\t\t\t\t\t\t\t<span class=\"elementor-icon-list-text\">https:\/\/www.facebook.com\/slowmoovchampagne<\/span>\n\t\t\t\t\t\t\t\t\t\t\t<\/a>\n\t\t\t\t\t\t\t\t\t<\/li>\n\t\t\t\t\t\t\t\t<li class=\"elementor-icon-list-item\">\n\t\t\t\t\t\t\t\t\t\t\t<a href=\"https:\/\/www.facebook.com\/slowmoov\/\">\n\n\t\t\t\t\t\t\t\t\t\t\t\t<span class=\"elementor-icon-list-icon\">\n\t\t\t\t\t\t\t<svg aria-hidden=\"true\" class=\"e-font-icon-svg e-fab-facebook-square\" viewBox=\"0 0 448 512\" xmlns=\"http:\/\/www.w3.org\/2000\/svg\"><path d=\"M400 32H48A48 48 0 0 0 0 80v352a48 48 0 0 0 48 48h137.25V327.69h-63V256h63v-54.64c0-62.15 37-96.48 93.67-96.48 27.14 0 55.52 4.84 55.52 4.84v61h-31.27c-30.81 0-40.42 19.12-40.42 38.73V256h68.78l-11 71.69h-57.78V480H400a48 48 0 0 0 48-48V80a48 48 0 0 0-48-48z\"><\/path><\/svg>\t\t\t\t\t\t<\/span>\n\t\t\t\t\t\t\t\t\t\t<span class=\"elementor-icon-list-text\">https:\/\/www.facebook.com\/slowmoov\/<\/span>\n\t\t\t\t\t\t\t\t\t\t\t<\/a>\n\t\t\t\t\t\t\t\t\t<\/li>\n\t\t\t\t\t\t\t\t<li class=\"elementor-icon-list-item\">\n\t\t\t\t\t\t\t\t\t\t\t<a href=\"https:\/\/www.instagram.com\/slowmoov_\/\">\n\n\t\t\t\t\t\t\t\t\t\t\t\t<span class=\"elementor-icon-list-icon\">\n\t\t\t\t\t\t\t<svg aria-hidden=\"true\" class=\"e-font-icon-svg e-fab-instagram\" viewBox=\"0 0 448 512\" xmlns=\"http:\/\/www.w3.org\/2000\/svg\"><path d=\"M224.1 141c-63.6 0-114.9 51.3-114.9 114.9s51.3 114.9 114.9 114.9S339 319.5 339 255.9 287.7 141 224.1 141zm0 189.6c-41.1 0-74.7-33.5-74.7-74.7s33.5-74.7 74.7-74.7 74.7 33.5 74.7 74.7-33.6 74.7-74.7 74.7zm146.4-194.3c0 14.9-12 26.8-26.8 26.8-14.9 0-26.8-12-26.8-26.8s12-26.8 26.8-26.8 26.8 12 26.8 26.8zm76.1 27.2c-1.7-35.9-9.9-67.7-36.2-93.9-26.2-26.2-58-34.4-93.9-36.2-37-2.1-147.9-2.1-184.9 0-35.8 1.7-67.6 9.9-93.9 36.1s-34.4 58-36.2 93.9c-2.1 37-2.1 147.9 0 184.9 1.7 35.9 9.9 67.7 36.2 93.9s58 34.4 93.9 36.2c37 2.1 147.9 2.1 184.9 0 35.9-1.7 67.7-9.9 93.9-36.2 26.2-26.2 34.4-58 36.2-93.9 2.1-37 2.1-147.8 0-184.8zM398.8 388c-7.8 19.6-22.9 34.7-42.6 42.6-29.5 11.7-99.5 9-132.1 9s-102.7 2.6-132.1-9c-19.6-7.8-34.7-22.9-42.6-42.6-11.7-29.5-9-99.5-9-132.1s-2.6-102.7 9-132.1c7.8-19.6 22.9-34.7 42.6-42.6 29.5-11.7 99.5-9 132.1-9s102.7-2.6 132.1 9c19.6 7.8 34.7 22.9 42.6 42.6 11.7 29.5 9 99.5 9 132.1s2.7 102.7-9 132.1z\"><\/path><\/svg>\t\t\t\t\t\t<\/span>\n\t\t\t\t\t\t\t\t\t\t<span class=\"elementor-icon-list-text\">Instagram SlowMoov<\/span>\n\t\t\t\t\t\t\t\t\t\t\t<\/a>\n\t\t\t\t\t\t\t\t\t<\/li>\n\t\t\t\t\t\t\t\t<li class=\"elementor-icon-list-item\">\n\t\t\t\t\t\t\t\t\t\t\t<a href=\"https:\/\/www.tiktok.com\/@slowmoov\">\n\n\t\t\t\t\t\t\t\t\t\t\t\t<span class=\"elementor-icon-list-icon\">\n\t\t\t\t\t\t\t<svg aria-hidden=\"true\" class=\"e-font-icon-svg e-fab-instagram\" viewBox=\"0 0 448 512\" xmlns=\"http:\/\/www.w3.org\/2000\/svg\"><path d=\"M224.1 141c-63.6 0-114.9 51.3-114.9 114.9s51.3 114.9 114.9 114.9S339 319.5 339 255.9 287.7 141 224.1 141zm0 189.6c-41.1 0-74.7-33.5-74.7-74.7s33.5-74.7 74.7-74.7 74.7 33.5 74.7 74.7-33.6 74.7-74.7 74.7zm146.4-194.3c0 14.9-12 26.8-26.8 26.8-14.9 0-26.8-12-26.8-26.8s12-26.8 26.8-26.8 26.8 12 26.8 26.8zm76.1 27.2c-1.7-35.9-9.9-67.7-36.2-93.9-26.2-26.2-58-34.4-93.9-36.2-37-2.1-147.9-2.1-184.9 0-35.8 1.7-67.6 9.9-93.9 36.1s-34.4 58-36.2 93.9c-2.1 37-2.1 147.9 0 184.9 1.7 35.9 9.9 67.7 36.2 93.9s58 34.4 93.9 36.2c37 2.1 147.9 2.1 184.9 0 35.9-1.7 67.7-9.9 93.9-36.2 26.2-26.2 34.4-58 36.2-93.9 2.1-37 2.1-147.8 0-184.8zM398.8 388c-7.8 19.6-22.9 34.7-42.6 42.6-29.5 11.7-99.5 9-132.1 9s-102.7 2.6-132.1-9c-19.6-7.8-34.7-22.9-42.6-42.6-11.7-29.5-9-99.5-9-132.1s-2.6-102.7 9-132.1c7.8-19.6 22.9-34.7 42.6-42.6 29.5-11.7 99.5-9 132.1-9s102.7-2.6 132.1 9c19.6 7.8 34.7 22.9 42.6 42.6 11.7 29.5 9 99.5 9 132.1s2.7 102.7-9 132.1z\"><\/path><\/svg>\t\t\t\t\t\t<\/span>\n\t\t\t\t\t\t\t\t\t\t<span class=\"elementor-icon-list-text\">Tiktok SlowMoov<\/span>\n\t\t\t\t\t\t\t\t\t\t\t<\/a>\n\t\t\t\t\t\t\t\t\t<\/li>\n\t\t\t\t\t\t<\/ul>\n\t\t\t\t\t\t<\/div>\n\t\t\t\t<div class=\"elementor-element elementor-element-c7fb33c elementor-widget__width-inherit elementor-widget elementor-widget-text-editor\" data-id=\"c7fb33c\" data-element_type=\"widget\" data-e-type=\"widget\" data-widget_type=\"text-editor.default\">\n\t\t\t\t\t\t\t\t\tVergessen Sie nicht, Ihre Bilder zu<strong> liken<\/strong> und zu <strong>teilen<\/strong>, um diesen tollen Wettbewerb zu gewinnen!<br><br>\nVerpassen Sie nicht die Chance, unvergessliche Erinnerungen zu schaffen und einen Traumurlaub zu gewinnen! Tauchen Sie ein in den Geist von Slowmoov, lassen Sie Ihrer Kreativit\u00e4t freien Lauf und begleiten Sie uns auf unserer Suche nach Flucht und Spa\u00df! <br><br>\n<strong>Viel Gl\u00fcck<\/strong> an alle Teilnehmer! \ud83c\udf1f\n\n<a href=\"https:\/\/slowmoov.com\/de\/reglement-concours-photo\/\">Sehen Sie sich die Regeln des Wettbewerbs an.<\/a>\t\t\t\t\t\t\t\t<\/div>\n\t\t\t\t<\/div>\n\t\t\t\t<div class=\"elementor-element elementor-element-165e795 elementor-widget elementor-widget-text-editor\" data-id=\"165e795\" data-element_type=\"widget\" data-e-type=\"widget\" data-widget_type=\"text-editor.default\">\n\t\t\t\t\t\t\t\t\t<p>Die Teilnehmer des Wettbewerbs erkl\u00e4ren sich damit einverstanden, ihre Fotos an Slowmoov, Bo M abzutreten, damit diese sie f\u00fcr das Gewinnspiel, aber auch f\u00fcr ihre Kommunikation in jedem Medium und f\u00fcr jeden Zeitraum nutzen k\u00f6nnen.<\/p>\t\t\t\t\t\t\t\t<\/div>\n\t\t\t\t<\/div>\n\t\t\t\t\t<\/div>\n\t\t\t\t<\/div>\n\t\t\t\t<\/div>\n\t\t","protected":false},"excerpt":{"rendered":"<p>Slowmoov-Fotowettbewerb Nehmen Sie am Slowmoov 2026 Fotowettbewerb teil Erleben Sie das Abenteuer und gewinnen Sie einen unvergesslichen Aufenthalt! Haben Sie eine magische Zeit in unseren D\u00f6rfern verbracht? Ihr Slowmoov-Aufenthalt hat Ihnen unvergessliche Erinnerungen beschert? Nun, dies ist Ihre Chance, diese Momente wieder aufleben zu lassen und einen noch unglaublicheren Urlaub zu gewinnen! Nehmen Sie am [&hellip;]<\/p>\n","protected":false},"author":5,"featured_media":0,"parent":0,"menu_order":0,"comment_status":"closed","ping_status":"closed","template":"","meta":{"_acf_changed":false,"footnotes":""},"class_list":["post-75129","page","type-page","status-publish","hentry"],"acf":[],"yoast_head":"<!-- This site is optimized with the Yoast SEO plugin v27.5 - https:\/\/yoast.com\/product\/yoast-seo-wordpress\/ -->\n<title>Slowmoov-Fotowettbewerb<\/title>\n<meta name=\"description\" content=\"Sind Sie Kunde von Slowmoov? Nehmen Sie an einem Wettbewerb teil, bei dem die sch\u00f6nsten Schnappsch\u00fcsse von Ihrem Aufenthalt in der Corr\u00e8ze, der Champagne oder der Auvergne \/ Bourgogne gesucht werden.\" \/>\n<meta name=\"robots\" content=\"index, follow, max-snippet:-1, max-image-preview:large, max-video-preview:-1\" \/>\n<link rel=\"canonical\" href=\"https:\/\/slowmoov.com\/de\/concours-photo\/\" \/>\n<meta property=\"og:locale\" content=\"de_DE\" \/>\n<meta property=\"og:type\" content=\"article\" \/>\n<meta property=\"og:title\" content=\"Slowmoov-Fotowettbewerb\" \/>\n<meta property=\"og:description\" content=\"Sind Sie Kunde von Slowmoov? Nehmen Sie an einem Wettbewerb teil, bei dem die sch\u00f6nsten Schnappsch\u00fcsse von Ihrem Aufenthalt in der Corr\u00e8ze, der Champagne oder der Auvergne \/ Bourgogne gesucht werden.\" \/>\n<meta property=\"og:url\" content=\"https:\/\/slowmoov.com\/de\/concours-photo\/\" \/>\n<meta property=\"og:site_name\" content=\"SlowMoov \u2013 Au\u00dfergew\u00f6hnliche D\u00f6rfer\" \/>\n<meta property=\"article:publisher\" content=\"https:\/\/www.facebook.com\/slowmoov\/\" \/>\n<meta property=\"article:modified_time\" content=\"2026-03-17T09:44:40+00:00\" \/>\n<meta property=\"og:image\" content=\"https:\/\/fonts.gstatic.com\/s\/e\/notoemoji\/14.0\/1f3c6\/72.png\" \/>\n<meta name=\"twitter:card\" content=\"summary_large_image\" \/>\n<meta name=\"twitter:site\" content=\"@slowmoov\" \/>\n<meta name=\"twitter:label1\" content=\"Gesch\u00e4tzte Lesezeit\" \/>\n\t<meta name=\"twitter:data1\" content=\"2\u00a0Minute\" \/>\n<script type=\"application\/ld+json\" class=\"yoast-schema-graph\">{\"@context\":\"https:\\\/\\\/schema.org\",\"@graph\":[{\"@type\":\"WebPage\",\"@id\":\"https:\\\/\\\/slowmoov.com\\\/de\\\/concours-photo\\\/\",\"url\":\"https:\\\/\\\/slowmoov.com\\\/de\\\/concours-photo\\\/\",\"name\":\"Slowmoov-Fotowettbewerb\",\"isPartOf\":{\"@id\":\"https:\\\/\\\/slowmoov.com\\\/de\\\/#website\"},\"primaryImageOfPage\":{\"@id\":\"https:\\\/\\\/slowmoov.com\\\/de\\\/concours-photo\\\/#primaryimage\"},\"image\":{\"@id\":\"https:\\\/\\\/slowmoov.com\\\/de\\\/concours-photo\\\/#primaryimage\"},\"thumbnailUrl\":\"https:\\\/\\\/fonts.gstatic.com\\\/s\\\/e\\\/notoemoji\\\/14.0\\\/1f3c6\\\/72.png\",\"datePublished\":\"2025-10-02T05:52:59+00:00\",\"dateModified\":\"2026-03-17T09:44:40+00:00\",\"description\":\"Sind Sie Kunde von Slowmoov? Nehmen Sie an einem Wettbewerb teil, bei dem die sch\u00f6nsten Schnappsch\u00fcsse von Ihrem Aufenthalt in der Corr\u00e8ze, der Champagne oder der Auvergne \\\/ Bourgogne gesucht werden.\",\"breadcrumb\":{\"@id\":\"https:\\\/\\\/slowmoov.com\\\/de\\\/concours-photo\\\/#breadcrumb\"},\"inLanguage\":\"de\",\"potentialAction\":[{\"@type\":\"ReadAction\",\"target\":[\"https:\\\/\\\/slowmoov.com\\\/de\\\/concours-photo\\\/\"]}]},{\"@type\":\"ImageObject\",\"inLanguage\":\"de\",\"@id\":\"https:\\\/\\\/slowmoov.com\\\/de\\\/concours-photo\\\/#primaryimage\",\"url\":\"https:\\\/\\\/fonts.gstatic.com\\\/s\\\/e\\\/notoemoji\\\/14.0\\\/1f3c6\\\/72.png\",\"contentUrl\":\"https:\\\/\\\/fonts.gstatic.com\\\/s\\\/e\\\/notoemoji\\\/14.0\\\/1f3c6\\\/72.png\"},{\"@type\":\"BreadcrumbList\",\"@id\":\"https:\\\/\\\/slowmoov.com\\\/de\\\/concours-photo\\\/#breadcrumb\",\"itemListElement\":[{\"@type\":\"ListItem\",\"position\":1,\"name\":\"Accueil\",\"item\":\"https:\\\/\\\/slowmoov.com\\\/de\\\/\"},{\"@type\":\"ListItem\",\"position\":2,\"name\":\"Fotowettbewerb\"}]},{\"@type\":\"WebSite\",\"@id\":\"https:\\\/\\\/slowmoov.com\\\/de\\\/#website\",\"url\":\"https:\\\/\\\/slowmoov.com\\\/de\\\/\",\"name\":\"SlowMoov - Villages insolites\",\"description\":\"Venez passer vos prochaines vacances originales chez Slowmoov !\",\"publisher\":{\"@id\":\"https:\\\/\\\/slowmoov.com\\\/de\\\/#organization\"},\"potentialAction\":[{\"@type\":\"SearchAction\",\"target\":{\"@type\":\"EntryPoint\",\"urlTemplate\":\"https:\\\/\\\/slowmoov.com\\\/de\\\/?s={search_term_string}\"},\"query-input\":{\"@type\":\"PropertyValueSpecification\",\"valueRequired\":true,\"valueName\":\"search_term_string\"}}],\"inLanguage\":\"de\"},{\"@type\":\"Organization\",\"@id\":\"https:\\\/\\\/slowmoov.com\\\/de\\\/#organization\",\"name\":\"SlowMoov\",\"url\":\"https:\\\/\\\/slowmoov.com\\\/de\\\/\",\"logo\":{\"@type\":\"ImageObject\",\"inLanguage\":\"de\",\"@id\":\"https:\\\/\\\/slowmoov.com\\\/de\\\/#\\\/schema\\\/logo\\\/image\\\/\",\"url\":\"https:\\\/\\\/slowmoov.com\\\/wp-content\\\/uploads\\\/2025\\\/09\\\/logo-slowmoov-1.png\",\"contentUrl\":\"https:\\\/\\\/slowmoov.com\\\/wp-content\\\/uploads\\\/2025\\\/09\\\/logo-slowmoov-1.png\",\"width\":2234,\"height\":716,\"caption\":\"SlowMoov\"},\"image\":{\"@id\":\"https:\\\/\\\/slowmoov.com\\\/de\\\/#\\\/schema\\\/logo\\\/image\\\/\"},\"sameAs\":[\"https:\\\/\\\/www.facebook.com\\\/slowmoov\\\/\",\"https:\\\/\\\/x.com\\\/slowmoov\",\"https:\\\/\\\/www.instagram.com\\\/slowmoov_villages_insolites\\\/\",\"https:\\\/\\\/www.youtube.com\\\/channel\\\/UCqwuY0zlhJy1YsVWbnm-V7A\"]}]}<\/script>\n<!-- \/ Yoast SEO plugin. -->","yoast_head_json":{"title":"Slowmoov-Fotowettbewerb","description":"Sind Sie Kunde von Slowmoov? Nehmen Sie an einem Wettbewerb teil, bei dem die sch\u00f6nsten Schnappsch\u00fcsse von Ihrem Aufenthalt in der Corr\u00e8ze, der Champagne oder der Auvergne \/ Bourgogne gesucht werden.","robots":{"index":"index","follow":"follow","max-snippet":"max-snippet:-1","max-image-preview":"max-image-preview:large","max-video-preview":"max-video-preview:-1"},"canonical":"https:\/\/slowmoov.com\/de\/concours-photo\/","og_locale":"de_DE","og_type":"article","og_title":"Slowmoov-Fotowettbewerb","og_description":"Sind Sie Kunde von Slowmoov? Nehmen Sie an einem Wettbewerb teil, bei dem die sch\u00f6nsten Schnappsch\u00fcsse von Ihrem Aufenthalt in der Corr\u00e8ze, der Champagne oder der Auvergne \/ Bourgogne gesucht werden.","og_url":"https:\/\/slowmoov.com\/de\/concours-photo\/","og_site_name":"SlowMoov \u2013 Au\u00dfergew\u00f6hnliche D\u00f6rfer","article_publisher":"https:\/\/www.facebook.com\/slowmoov\/","article_modified_time":"2026-03-17T09:44:40+00:00","og_image":[{"url":"https:\/\/fonts.gstatic.com\/s\/e\/notoemoji\/14.0\/1f3c6\/72.png","type":"","width":"","height":""}],"twitter_card":"summary_large_image","twitter_site":"@slowmoov","twitter_misc":{"Gesch\u00e4tzte Lesezeit":"2\u00a0Minute"},"schema":{"@context":"https:\/\/schema.org","@graph":[{"@type":"WebPage","@id":"https:\/\/slowmoov.com\/de\/concours-photo\/","url":"https:\/\/slowmoov.com\/de\/concours-photo\/","name":"Slowmoov-Fotowettbewerb","isPartOf":{"@id":"https:\/\/slowmoov.com\/de\/#website"},"primaryImageOfPage":{"@id":"https:\/\/slowmoov.com\/de\/concours-photo\/#primaryimage"},"image":{"@id":"https:\/\/slowmoov.com\/de\/concours-photo\/#primaryimage"},"thumbnailUrl":"https:\/\/fonts.gstatic.com\/s\/e\/notoemoji\/14.0\/1f3c6\/72.png","datePublished":"2025-10-02T05:52:59+00:00","dateModified":"2026-03-17T09:44:40+00:00","description":"Sind Sie Kunde von Slowmoov? Nehmen Sie an einem Wettbewerb teil, bei dem die sch\u00f6nsten Schnappsch\u00fcsse von Ihrem Aufenthalt in der Corr\u00e8ze, der Champagne oder der Auvergne \/ Bourgogne gesucht werden.","breadcrumb":{"@id":"https:\/\/slowmoov.com\/de\/concours-photo\/#breadcrumb"},"inLanguage":"de","potentialAction":[{"@type":"ReadAction","target":["https:\/\/slowmoov.com\/de\/concours-photo\/"]}]},{"@type":"ImageObject","inLanguage":"de","@id":"https:\/\/slowmoov.com\/de\/concours-photo\/#primaryimage","url":"https:\/\/fonts.gstatic.com\/s\/e\/notoemoji\/14.0\/1f3c6\/72.png","contentUrl":"https:\/\/fonts.gstatic.com\/s\/e\/notoemoji\/14.0\/1f3c6\/72.png"},{"@type":"BreadcrumbList","@id":"https:\/\/slowmoov.com\/de\/concours-photo\/#breadcrumb","itemListElement":[{"@type":"ListItem","position":1,"name":"Accueil","item":"https:\/\/slowmoov.com\/de\/"},{"@type":"ListItem","position":2,"name":"Fotowettbewerb"}]},{"@type":"WebSite","@id":"https:\/\/slowmoov.com\/de\/#website","url":"https:\/\/slowmoov.com\/de\/","name":"SlowMoov - Villages insolites","description":"Venez passer vos prochaines vacances originales chez Slowmoov !","publisher":{"@id":"https:\/\/slowmoov.com\/de\/#organization"},"potentialAction":[{"@type":"SearchAction","target":{"@type":"EntryPoint","urlTemplate":"https:\/\/slowmoov.com\/de\/?s={search_term_string}"},"query-input":{"@type":"PropertyValueSpecification","valueRequired":true,"valueName":"search_term_string"}}],"inLanguage":"de"},{"@type":"Organization","@id":"https:\/\/slowmoov.com\/de\/#organization","name":"SlowMoov","url":"https:\/\/slowmoov.com\/de\/","logo":{"@type":"ImageObject","inLanguage":"de","@id":"https:\/\/slowmoov.com\/de\/#\/schema\/logo\/image\/","url":"https:\/\/slowmoov.com\/wp-content\/uploads\/2025\/09\/logo-slowmoov-1.png","contentUrl":"https:\/\/slowmoov.com\/wp-content\/uploads\/2025\/09\/logo-slowmoov-1.png","width":2234,"height":716,"caption":"SlowMoov"},"image":{"@id":"https:\/\/slowmoov.com\/de\/#\/schema\/logo\/image\/"},"sameAs":["https:\/\/www.facebook.com\/slowmoov\/","https:\/\/x.com\/slowmoov","https:\/\/www.instagram.com\/slowmoov_villages_insolites\/","https:\/\/www.youtube.com\/channel\/UCqwuY0zlhJy1YsVWbnm-V7A"]}]}},"_links":{"self":[{"href":"https:\/\/slowmoov.com\/de\/wp-json\/wp\/v2\/pages\/75129","targetHints":{"allow":["GET"]}}],"collection":[{"href":"https:\/\/slowmoov.com\/de\/wp-json\/wp\/v2\/pages"}],"about":[{"href":"https:\/\/slowmoov.com\/de\/wp-json\/wp\/v2\/types\/page"}],"author":[{"embeddable":true,"href":"https:\/\/slowmoov.com\/de\/wp-json\/wp\/v2\/users\/5"}],"replies":[{"embeddable":true,"href":"https:\/\/slowmoov.com\/de\/wp-json\/wp\/v2\/comments?post=75129"}],"version-history":[{"count":3,"href":"https:\/\/slowmoov.com\/de\/wp-json\/wp\/v2\/pages\/75129\/revisions"}],"predecessor-version":[{"id":81888,"href":"https:\/\/slowmoov.com\/de\/wp-json\/wp\/v2\/pages\/75129\/revisions\/81888"}],"wp:attachment":[{"href":"https:\/\/slowmoov.com\/de\/wp-json\/wp\/v2\/media?parent=75129"}],"curies":[{"name":"wp","href":"https:\/\/api.w.org\/{rel}","templated":true}]}}