{"id":75123,"date":"2025-10-06T21:09:16","date_gmt":"2025-10-06T21:09:16","guid":{"rendered":"https:\/\/slowmoov.com\/dorf-les-monedieres\/nur-ein-paar-schritte-entfernt\/"},"modified":"2025-12-21T21:44:24","modified_gmt":"2025-12-21T21:44:24","slug":"a-deux-pas","status":"publish","type":"page","link":"https:\/\/slowmoov.com\/de\/village-des-monedieres\/a-deux-pas\/","title":{"rendered":"Nur ein paar Schritte entfernt"},"content":{"rendered":"\t\t<div data-elementor-type=\"wp-page\" data-elementor-id=\"75123\" class=\"elementor elementor-75123 elementor-69434\" data-elementor-post-type=\"page\">\n\t\t\t\t<div class=\"elementor-element elementor-element-4a128a9e e-con-full e-flex e-con e-parent\" data-id=\"4a128a9e\" data-element_type=\"container\" data-e-type=\"container\" data-settings=\"{&quot;background_background&quot;:&quot;classic&quot;}\">\n\t\t<div class=\"elementor-element elementor-element-43dab044 e-flex e-con-boxed e-con e-child\" data-id=\"43dab044\" data-element_type=\"container\" data-e-type=\"container\">\n\t\t\t\t\t<div class=\"e-con-inner\">\n\t\t\t\t<div class=\"elementor-element elementor-element-4603ab3e elementor-align-center elementor-widget elementor-widget-button\" data-id=\"4603ab3e\" data-element_type=\"widget\" data-e-type=\"widget\" data-widget_type=\"button.default\">\n\t\t\t\t\t\t\t\t\t\t<a class=\"elementor-button elementor-button-link elementor-size-sm\" href=\"#\">\n\t\t\t\t\t\t<span class=\"elementor-button-content-wrapper\">\n\t\t\t\t\t\t\t\t\t<span class=\"elementor-button-text\">Village des Monedi\u00e8res &gt; Zwei Schritte entfernt  <\/span>\n\t\t\t\t\t<\/span>\n\t\t\t\t\t<\/a>\n\t\t\t\t\t\t\t\t<\/div>\n\t\t\t\t<div class=\"elementor-element elementor-element-48cd8b8 elementor-invisible elementor-widget elementor-widget-heading\" data-id=\"48cd8b8\" data-element_type=\"widget\" data-e-type=\"widget\" data-settings=\"{&quot;_animation&quot;:&quot;fadeIn&quot;}\" data-widget_type=\"heading.default\">\n\t\t\t\t\t<h2 class=\"elementor-heading-title elementor-size-default\">Was Sie in der Umgebung unternehmen k\u00f6nnen <br>des Dorfes Les Monedi\u00e8res<\/h2>\t\t\t\t<\/div>\n\t\t\t\t<div class=\"elementor-element elementor-element-2ee98905 elementor-invisible elementor-widget elementor-widget-text-editor\" data-id=\"2ee98905\" data-element_type=\"widget\" data-e-type=\"widget\" data-settings=\"{&quot;_animation&quot;:&quot;fadeIn&quot;}\" data-widget_type=\"text-editor.default\">\n\t\t\t\t\t\t\t\t\t<p>Wir bieten Ihnen eine Auswahl an Sehensw\u00fcrdigkeiten und Aktivit\u00e4ten in der Umgebung von Village des Mon\u00e9di\u00e8res.<\/p>\t\t\t\t\t\t\t\t<\/div>\n\t\t\t\t\t<\/div>\n\t\t\t\t<\/div>\n\t\t\t\t<\/div>\n\t\t<div class=\"elementor-element elementor-element-6f4aaf8f e-flex e-con-boxed e-con e-parent\" data-id=\"6f4aaf8f\" data-element_type=\"container\" data-e-type=\"container\">\n\t\t\t\t\t<div class=\"e-con-inner\">\n\t\t\t\t<div class=\"elementor-element elementor-element-d5bafd3 elementor-widget elementor-widget-heading\" data-id=\"d5bafd3\" data-element_type=\"widget\" data-e-type=\"widget\" data-widget_type=\"heading.default\">\n\t\t\t\t\t<h4 class=\"elementor-heading-title elementor-size-default\">Was kann man in der N\u00e4he des Dorfes unternehmen?<\/h4>\t\t\t\t<\/div>\n\t\t\t\t<div class=\"elementor-element elementor-element-7b6eca2a elementor-widget elementor-widget-text-editor\" data-id=\"7b6eca2a\" data-element_type=\"widget\" data-e-type=\"widget\" data-widget_type=\"text-editor.default\">\n\t\t\t\t\t\t\t\t\t<p>Entdecken Sie, was Sie in der N\u00e4he des Village des Mon\u00e9di\u00e8res unternehmen k\u00f6nnen: Wanderungen, Restaurants, Kulturerbe, Freizeit und lokale Aktivit\u00e4ten, die Sie sich nicht entgehen lassen sollten.<\/p>\t\t\t\t\t\t\t\t<\/div>\n\t\t<div class=\"elementor-element elementor-element-18647b92 e-con-full e-flex e-con e-child\" data-id=\"18647b92\" data-element_type=\"container\" data-e-type=\"container\">\n\t\t\t\t<div class=\"elementor-element elementor-element-513020df elementor-vertical-align-top elementor-widget elementor-widget-image-box\" data-id=\"513020df\" data-element_type=\"widget\" data-e-type=\"widget\" data-widget_type=\"image-box.default\">\n\t\t\t\t\t<div class=\"elementor-image-box-wrapper\"><div class=\"elementor-image-box-content\"><h3 class=\"elementor-image-box-title\"><a href=\"https:\/\/www.chamberet-sports-nature.com\/\" target=\"_blank\">Chamberet Sport Nature  <\/a><\/h3><p class=\"elementor-image-box-description\">https:\/\/www.chamberet-sports-nature.com\/<\/p><\/div><\/div>\t\t\t\t<\/div>\n\t\t\t\t<\/div>\n\t\t\t\t\t<\/div>\n\t\t\t\t<\/div>\n\t\t<div class=\"elementor-element elementor-element-1d2122c6 e-flex e-con-boxed e-con e-parent\" data-id=\"1d2122c6\" data-element_type=\"container\" data-e-type=\"container\" data-settings=\"{&quot;background_background&quot;:&quot;classic&quot;}\">\n\t\t\t\t\t<div class=\"e-con-inner\">\n\t\t\t\t<div class=\"elementor-element elementor-element-39512ecd elementor-widget elementor-widget-heading\" data-id=\"39512ecd\" data-element_type=\"widget\" data-e-type=\"widget\" data-widget_type=\"heading.default\">\n\t\t\t\t\t<h4 class=\"elementor-heading-title elementor-size-default\">In der Umgebung<\/h4>\t\t\t\t<\/div>\n\t\t<div class=\"elementor-element elementor-element-7f0b19a0 e-con-full elementor-hidden-tablet elementor-hidden-mobile e-flex e-con e-child\" data-id=\"7f0b19a0\" data-element_type=\"container\" data-e-type=\"container\">\n\t\t<div class=\"elementor-element elementor-element-f636f0c e-flex e-con-boxed e-con e-child\" data-id=\"f636f0c\" data-element_type=\"container\" data-e-type=\"container\">\n\t\t\t\t\t<div class=\"e-con-inner\">\n\t\t\t\t<div class=\"elementor-element elementor-element-771a9c9d elementor-cta--skin-cover elementor-cta--valign-middle elementor-animated-content elementor-bg-transform elementor-bg-transform-zoom-in elementor-widget elementor-widget-call-to-action\" data-id=\"771a9c9d\" data-element_type=\"widget\" data-e-type=\"widget\" data-widget_type=\"call-to-action.default\">\n\t\t\t\t\t\t\t<a class=\"elementor-cta\" href=\"https:\/\/slowmoov.com\/de\/village-des-monedieres\/a-trois-pas\/\" target=\"_blank\">\n\t\t\t\t\t<div class=\"elementor-cta__bg-wrapper\">\n\t\t\t\t<div class=\"elementor-cta__bg elementor-bg\" style=\"background-image: url(https:\/\/slowmoov.com\/wp-content\/uploads\/2014\/03\/actu-fil-sur-l-eau-02.webp);\" role=\"img\" aria-label=\"actu-fil-sur-l-eau-02\"><\/div>\n\t\t\t\t<div class=\"elementor-cta__bg-overlay\"><\/div>\n\t\t\t<\/div>\n\t\t\t\t\t\t\t<div class=\"elementor-cta__content\">\n\t\t\t\t\n\t\t\t\t\t\t\t\t\t<h4 class=\"elementor-cta__title elementor-cta__content-item elementor-content-item elementor-animated-item--move-up\">\n\t\t\t\t\t\tDrei Schritte entfernt  \t\t\t\t\t<\/h4>\n\t\t\t\t\n\t\t\t\t\n\t\t\t\t\t\t\t<\/div>\n\t\t\t\t\t\t<\/a>\n\t\t\t\t\t\t<\/div>\n\t\t\t\t\t<\/div>\n\t\t\t\t<\/div>\n\t\t<div class=\"elementor-element elementor-element-115ef864 e-con-full e-flex e-con e-child\" data-id=\"115ef864\" data-element_type=\"container\" data-e-type=\"container\">\n\t\t\t\t<div class=\"elementor-element elementor-element-478fd14 elementor-cta--skin-cover elementor-cta--valign-middle elementor-animated-content elementor-bg-transform elementor-bg-transform-zoom-in elementor-widget elementor-widget-call-to-action\" data-id=\"478fd14\" data-element_type=\"widget\" data-e-type=\"widget\" data-widget_type=\"call-to-action.default\">\n\t\t\t\t\t\t\t<a class=\"elementor-cta\" href=\"https:\/\/slowmoov.com\/de\/village-des-monedieres\/au-bord-de-leau\/\">\n\t\t\t\t\t<div class=\"elementor-cta__bg-wrapper\">\n\t\t\t\t<div class=\"elementor-cta__bg elementor-bg\" style=\"background-image: url(https:\/\/slowmoov.com\/wp-content\/uploads\/2025\/10\/cta-village-monedieres.webp);\" role=\"img\" aria-label=\"cta-village-monedieres\"><\/div>\n\t\t\t\t<div class=\"elementor-cta__bg-overlay\"><\/div>\n\t\t\t<\/div>\n\t\t\t\t\t\t\t<div class=\"elementor-cta__content\">\n\t\t\t\t\n\t\t\t\t\t\t\t\t\t<h4 class=\"elementor-cta__title elementor-cta__content-item elementor-content-item elementor-animated-item--move-up\">\n\t\t\t\t\t\tAm Wasser\t\t\t\t\t<\/h4>\n\t\t\t\t\n\t\t\t\t\n\t\t\t\t\t\t\t<\/div>\n\t\t\t\t\t\t<\/a>\n\t\t\t\t\t\t<\/div>\n\t\t\t\t<\/div>\n\t\t\t\t<\/div>\n\t\t\t\t\t<\/div>\n\t\t\t\t<\/div>\n\t\t<div class=\"elementor-element elementor-element-17c1a523 e-con-full e-flex e-con e-parent\" data-id=\"17c1a523\" data-element_type=\"container\" data-e-type=\"container\" data-settings=\"{&quot;background_background&quot;:&quot;classic&quot;}\">\n\t\t\t\t<div class=\"elementor-element elementor-element-3a1f4385 elementor-widget elementor-widget-heading\" data-id=\"3a1f4385\" data-element_type=\"widget\" data-e-type=\"widget\" data-widget_type=\"heading.default\">\n\t\t\t\t\t<h2 class=\"elementor-heading-title elementor-size-default\">Sind Sie bereit, die Erfahrung von Mon\u00e9di\u00e8res zu machen?<\/h2>\t\t\t\t<\/div>\n\t\t\t\t<div class=\"elementor-element elementor-element-22815b39 elementor-align-center elementor-widget elementor-widget-button\" data-id=\"22815b39\" data-element_type=\"widget\" data-e-type=\"widget\" data-widget_type=\"button.default\">\n\t\t\t\t\t\t\t\t\t\t<a class=\"elementor-button elementor-button-link elementor-size-sm\" href=\"#\">\n\t\t\t\t\t\t<span class=\"elementor-button-content-wrapper\">\n\t\t\t\t\t\t<span class=\"elementor-button-icon\">\n\t\t\t\t<svg xmlns=\"http:\/\/www.w3.org\/2000\/svg\" width=\"14\" height=\"12\" viewBox=\"0 0 14 12\" fill=\"none\"><path d=\"M1 6.16667H12.6667M8.33333 10.8333L13 6.16667L8.33333 1.5\" stroke=\"white\" stroke-width=\"1.33333\" stroke-linecap=\"round\" stroke-linejoin=\"round\"><\/path><\/svg>\t\t\t<\/span>\n\t\t\t\t\t\t\t\t\t<span class=\"elementor-button-text\">Sehen Sie sich die Unterk\u00fcnfte an<\/span>\n\t\t\t\t\t<\/span>\n\t\t\t\t\t<\/a>\n\t\t\t\t\t\t\t\t<\/div>\n\t\t\t\t<\/div>\n\t\t\t\t<\/div>\n\t\t","protected":false},"excerpt":{"rendered":"<p>Village des Monedi\u00e8res &gt; Zwei Schritte entfernt Was Sie in der Umgebung unternehmen k\u00f6nnen des Dorfes Les Monedi\u00e8res Wir bieten Ihnen eine Auswahl an Sehensw\u00fcrdigkeiten und Aktivit\u00e4ten in der Umgebung von Village des Mon\u00e9di\u00e8res. Was kann man in der N\u00e4he des Dorfes unternehmen? Entdecken Sie, was Sie in der N\u00e4he des Village des Mon\u00e9di\u00e8res unternehmen [&hellip;]<\/p>\n","protected":false},"author":5,"featured_media":0,"parent":74214,"menu_order":0,"comment_status":"closed","ping_status":"closed","template":"elementor_header_footer","meta":{"_acf_changed":false,"footnotes":""},"class_list":["post-75123","page","type-page","status-publish","hentry"],"acf":[],"yoast_head":"<!-- This site is optimized with the Yoast SEO plugin v27.5 - https:\/\/yoast.com\/product\/yoast-seo-wordpress\/ -->\n<title>Nur ein paar Schritte entfernt - SlowMoov \u2013 Au\u00dfergew\u00f6hnliche D\u00f6rfer<\/title>\n<meta name=\"robots\" content=\"index, follow, max-snippet:-1, max-image-preview:large, max-video-preview:-1\" \/>\n<link rel=\"canonical\" href=\"https:\/\/slowmoov.com\/de\/village-des-monedieres\/a-deux-pas\/\" \/>\n<meta property=\"og:locale\" content=\"de_DE\" \/>\n<meta property=\"og:type\" content=\"article\" \/>\n<meta property=\"og:title\" content=\"Nur ein paar Schritte entfernt - SlowMoov \u2013 Au\u00dfergew\u00f6hnliche D\u00f6rfer\" \/>\n<meta property=\"og:description\" content=\"Village des Monedi\u00e8res &gt; Zwei Schritte entfernt Was Sie in der Umgebung unternehmen k\u00f6nnen des Dorfes Les Monedi\u00e8res Wir bieten Ihnen eine Auswahl an Sehensw\u00fcrdigkeiten und Aktivit\u00e4ten in der Umgebung von Village des Mon\u00e9di\u00e8res. Was kann man in der N\u00e4he des Dorfes unternehmen? Entdecken Sie, was Sie in der N\u00e4he des Village des Mon\u00e9di\u00e8res unternehmen [&hellip;]\" \/>\n<meta property=\"og:url\" content=\"https:\/\/slowmoov.com\/de\/village-des-monedieres\/a-deux-pas\/\" \/>\n<meta property=\"og:site_name\" content=\"SlowMoov \u2013 Au\u00dfergew\u00f6hnliche D\u00f6rfer\" \/>\n<meta property=\"article:publisher\" content=\"https:\/\/www.facebook.com\/slowmoov\/\" \/>\n<meta property=\"article:modified_time\" content=\"2025-12-21T21:44:24+00:00\" \/>\n<meta name=\"twitter:card\" content=\"summary_large_image\" \/>\n<meta name=\"twitter:site\" content=\"@slowmoov\" \/>\n<meta name=\"twitter:label1\" content=\"Gesch\u00e4tzte Lesezeit\" \/>\n\t<meta name=\"twitter:data1\" content=\"1\u00a0Minute\" \/>\n<script type=\"application\/ld+json\" class=\"yoast-schema-graph\">{\"@context\":\"https:\\\/\\\/schema.org\",\"@graph\":[{\"@type\":\"WebPage\",\"@id\":\"https:\\\/\\\/slowmoov.com\\\/de\\\/village-des-monedieres\\\/a-deux-pas\\\/\",\"url\":\"https:\\\/\\\/slowmoov.com\\\/de\\\/village-des-monedieres\\\/a-deux-pas\\\/\",\"name\":\"Nur ein paar Schritte entfernt - SlowMoov \u2013 Au\u00dfergew\u00f6hnliche D\u00f6rfer\",\"isPartOf\":{\"@id\":\"https:\\\/\\\/slowmoov.com\\\/de\\\/#website\"},\"datePublished\":\"2025-10-06T21:09:16+00:00\",\"dateModified\":\"2025-12-21T21:44:24+00:00\",\"breadcrumb\":{\"@id\":\"https:\\\/\\\/slowmoov.com\\\/de\\\/village-des-monedieres\\\/a-deux-pas\\\/#breadcrumb\"},\"inLanguage\":\"de\",\"potentialAction\":[{\"@type\":\"ReadAction\",\"target\":[\"https:\\\/\\\/slowmoov.com\\\/de\\\/village-des-monedieres\\\/a-deux-pas\\\/\"]}]},{\"@type\":\"BreadcrumbList\",\"@id\":\"https:\\\/\\\/slowmoov.com\\\/de\\\/village-des-monedieres\\\/a-deux-pas\\\/#breadcrumb\",\"itemListElement\":[{\"@type\":\"ListItem\",\"position\":1,\"name\":\"Accueil\",\"item\":\"https:\\\/\\\/slowmoov.com\\\/de\\\/\"},{\"@type\":\"ListItem\",\"position\":2,\"name\":\"Dorf Les Mon\u00e9di\u00e8res\",\"item\":\"https:\\\/\\\/slowmoov.com\\\/de\\\/village-des-monedieres\\\/\"},{\"@type\":\"ListItem\",\"position\":3,\"name\":\"Nur ein paar Schritte entfernt\"}]},{\"@type\":\"WebSite\",\"@id\":\"https:\\\/\\\/slowmoov.com\\\/de\\\/#website\",\"url\":\"https:\\\/\\\/slowmoov.com\\\/de\\\/\",\"name\":\"SlowMoov - Villages insolites\",\"description\":\"Venez passer vos prochaines vacances originales chez Slowmoov !\",\"publisher\":{\"@id\":\"https:\\\/\\\/slowmoov.com\\\/de\\\/#organization\"},\"potentialAction\":[{\"@type\":\"SearchAction\",\"target\":{\"@type\":\"EntryPoint\",\"urlTemplate\":\"https:\\\/\\\/slowmoov.com\\\/de\\\/?s={search_term_string}\"},\"query-input\":{\"@type\":\"PropertyValueSpecification\",\"valueRequired\":true,\"valueName\":\"search_term_string\"}}],\"inLanguage\":\"de\"},{\"@type\":\"Organization\",\"@id\":\"https:\\\/\\\/slowmoov.com\\\/de\\\/#organization\",\"name\":\"SlowMoov\",\"url\":\"https:\\\/\\\/slowmoov.com\\\/de\\\/\",\"logo\":{\"@type\":\"ImageObject\",\"inLanguage\":\"de\",\"@id\":\"https:\\\/\\\/slowmoov.com\\\/de\\\/#\\\/schema\\\/logo\\\/image\\\/\",\"url\":\"https:\\\/\\\/slowmoov.com\\\/wp-content\\\/uploads\\\/2025\\\/09\\\/logo-slowmoov-1.png\",\"contentUrl\":\"https:\\\/\\\/slowmoov.com\\\/wp-content\\\/uploads\\\/2025\\\/09\\\/logo-slowmoov-1.png\",\"width\":2234,\"height\":716,\"caption\":\"SlowMoov\"},\"image\":{\"@id\":\"https:\\\/\\\/slowmoov.com\\\/de\\\/#\\\/schema\\\/logo\\\/image\\\/\"},\"sameAs\":[\"https:\\\/\\\/www.facebook.com\\\/slowmoov\\\/\",\"https:\\\/\\\/x.com\\\/slowmoov\",\"https:\\\/\\\/www.instagram.com\\\/slowmoov_villages_insolites\\\/\",\"https:\\\/\\\/www.youtube.com\\\/channel\\\/UCqwuY0zlhJy1YsVWbnm-V7A\"]}]}<\/script>\n<!-- \/ Yoast SEO plugin. -->","yoast_head_json":{"title":"Nur ein paar Schritte entfernt - SlowMoov \u2013 Au\u00dfergew\u00f6hnliche D\u00f6rfer","robots":{"index":"index","follow":"follow","max-snippet":"max-snippet:-1","max-image-preview":"max-image-preview:large","max-video-preview":"max-video-preview:-1"},"canonical":"https:\/\/slowmoov.com\/de\/village-des-monedieres\/a-deux-pas\/","og_locale":"de_DE","og_type":"article","og_title":"Nur ein paar Schritte entfernt - SlowMoov \u2013 Au\u00dfergew\u00f6hnliche D\u00f6rfer","og_description":"Village des Monedi\u00e8res &gt; Zwei Schritte entfernt Was Sie in der Umgebung unternehmen k\u00f6nnen des Dorfes Les Monedi\u00e8res Wir bieten Ihnen eine Auswahl an Sehensw\u00fcrdigkeiten und Aktivit\u00e4ten in der Umgebung von Village des Mon\u00e9di\u00e8res. Was kann man in der N\u00e4he des Dorfes unternehmen? Entdecken Sie, was Sie in der N\u00e4he des Village des Mon\u00e9di\u00e8res unternehmen [&hellip;]","og_url":"https:\/\/slowmoov.com\/de\/village-des-monedieres\/a-deux-pas\/","og_site_name":"SlowMoov \u2013 Au\u00dfergew\u00f6hnliche D\u00f6rfer","article_publisher":"https:\/\/www.facebook.com\/slowmoov\/","article_modified_time":"2025-12-21T21:44:24+00:00","twitter_card":"summary_large_image","twitter_site":"@slowmoov","twitter_misc":{"Gesch\u00e4tzte Lesezeit":"1\u00a0Minute"},"schema":{"@context":"https:\/\/schema.org","@graph":[{"@type":"WebPage","@id":"https:\/\/slowmoov.com\/de\/village-des-monedieres\/a-deux-pas\/","url":"https:\/\/slowmoov.com\/de\/village-des-monedieres\/a-deux-pas\/","name":"Nur ein paar Schritte entfernt - SlowMoov \u2013 Au\u00dfergew\u00f6hnliche D\u00f6rfer","isPartOf":{"@id":"https:\/\/slowmoov.com\/de\/#website"},"datePublished":"2025-10-06T21:09:16+00:00","dateModified":"2025-12-21T21:44:24+00:00","breadcrumb":{"@id":"https:\/\/slowmoov.com\/de\/village-des-monedieres\/a-deux-pas\/#breadcrumb"},"inLanguage":"de","potentialAction":[{"@type":"ReadAction","target":["https:\/\/slowmoov.com\/de\/village-des-monedieres\/a-deux-pas\/"]}]},{"@type":"BreadcrumbList","@id":"https:\/\/slowmoov.com\/de\/village-des-monedieres\/a-deux-pas\/#breadcrumb","itemListElement":[{"@type":"ListItem","position":1,"name":"Accueil","item":"https:\/\/slowmoov.com\/de\/"},{"@type":"ListItem","position":2,"name":"Dorf Les Mon\u00e9di\u00e8res","item":"https:\/\/slowmoov.com\/de\/village-des-monedieres\/"},{"@type":"ListItem","position":3,"name":"Nur ein paar Schritte entfernt"}]},{"@type":"WebSite","@id":"https:\/\/slowmoov.com\/de\/#website","url":"https:\/\/slowmoov.com\/de\/","name":"SlowMoov - Villages insolites","description":"Venez passer vos prochaines vacances originales chez Slowmoov !","publisher":{"@id":"https:\/\/slowmoov.com\/de\/#organization"},"potentialAction":[{"@type":"SearchAction","target":{"@type":"EntryPoint","urlTemplate":"https:\/\/slowmoov.com\/de\/?s={search_term_string}"},"query-input":{"@type":"PropertyValueSpecification","valueRequired":true,"valueName":"search_term_string"}}],"inLanguage":"de"},{"@type":"Organization","@id":"https:\/\/slowmoov.com\/de\/#organization","name":"SlowMoov","url":"https:\/\/slowmoov.com\/de\/","logo":{"@type":"ImageObject","inLanguage":"de","@id":"https:\/\/slowmoov.com\/de\/#\/schema\/logo\/image\/","url":"https:\/\/slowmoov.com\/wp-content\/uploads\/2025\/09\/logo-slowmoov-1.png","contentUrl":"https:\/\/slowmoov.com\/wp-content\/uploads\/2025\/09\/logo-slowmoov-1.png","width":2234,"height":716,"caption":"SlowMoov"},"image":{"@id":"https:\/\/slowmoov.com\/de\/#\/schema\/logo\/image\/"},"sameAs":["https:\/\/www.facebook.com\/slowmoov\/","https:\/\/x.com\/slowmoov","https:\/\/www.instagram.com\/slowmoov_villages_insolites\/","https:\/\/www.youtube.com\/channel\/UCqwuY0zlhJy1YsVWbnm-V7A"]}]}},"_links":{"self":[{"href":"https:\/\/slowmoov.com\/de\/wp-json\/wp\/v2\/pages\/75123","targetHints":{"allow":["GET"]}}],"collection":[{"href":"https:\/\/slowmoov.com\/de\/wp-json\/wp\/v2\/pages"}],"about":[{"href":"https:\/\/slowmoov.com\/de\/wp-json\/wp\/v2\/types\/page"}],"author":[{"embeddable":true,"href":"https:\/\/slowmoov.com\/de\/wp-json\/wp\/v2\/users\/5"}],"replies":[{"embeddable":true,"href":"https:\/\/slowmoov.com\/de\/wp-json\/wp\/v2\/comments?post=75123"}],"version-history":[{"count":3,"href":"https:\/\/slowmoov.com\/de\/wp-json\/wp\/v2\/pages\/75123\/revisions"}],"predecessor-version":[{"id":80694,"href":"https:\/\/slowmoov.com\/de\/wp-json\/wp\/v2\/pages\/75123\/revisions\/80694"}],"up":[{"embeddable":true,"href":"https:\/\/slowmoov.com\/de\/wp-json\/wp\/v2\/pages\/74214"}],"wp:attachment":[{"href":"https:\/\/slowmoov.com\/de\/wp-json\/wp\/v2\/media?parent=75123"}],"curies":[{"name":"wp","href":"https:\/\/api.w.org\/{rel}","templated":true}]}}