{"id":74911,"date":"2025-10-27T10:49:45","date_gmt":"2025-10-27T10:49:45","guid":{"rendered":"https:\/\/slowmoov.com\/village-toue-des-demoiselles\/nur-ein-paar-schritte-entfernt\/"},"modified":"2025-12-21T21:44:24","modified_gmt":"2025-12-21T21:44:24","slug":"a-deux-pas","status":"publish","type":"page","link":"https:\/\/slowmoov.com\/de\/village-toue-des-demoiselles\/a-deux-pas\/","title":{"rendered":"Nur ein paar Schritte entfernt"},"content":{"rendered":"\t\t<div data-elementor-type=\"wp-page\" data-elementor-id=\"74911\" class=\"elementor elementor-74911 elementor-71488\" data-elementor-post-type=\"page\">\n\t\t\t\t<div class=\"elementor-element elementor-element-2449f7 e-con-full e-flex e-con e-parent\" data-id=\"2449f7\" data-element_type=\"container\" data-e-type=\"container\" data-settings=\"{&quot;background_background&quot;:&quot;classic&quot;}\">\n\t\t<div class=\"elementor-element elementor-element-4416d1b0 e-flex e-con-boxed e-con e-child\" data-id=\"4416d1b0\" data-element_type=\"container\" data-e-type=\"container\">\n\t\t\t\t\t<div class=\"e-con-inner\">\n\t\t\t\t<div class=\"elementor-element elementor-element-b39bd72 elementor-align-center elementor-widget elementor-widget-button\" data-id=\"b39bd72\" data-element_type=\"widget\" data-e-type=\"widget\" data-widget_type=\"button.default\">\n\t\t\t\t\t\t\t\t\t\t<a class=\"elementor-button elementor-button-link elementor-size-sm\" href=\"#\">\n\t\t\t\t\t\t<span class=\"elementor-button-content-wrapper\">\n\t\t\t\t\t\t\t\t\t<span class=\"elementor-button-text\">Village toue des Demoiselles &gt; Nur wenige Schritte entfernt  <\/span>\n\t\t\t\t\t<\/span>\n\t\t\t\t\t<\/a>\n\t\t\t\t\t\t\t\t<\/div>\n\t\t\t\t<div class=\"elementor-element elementor-element-511c656d elementor-invisible elementor-widget elementor-widget-heading\" data-id=\"511c656d\" data-element_type=\"widget\" data-e-type=\"widget\" data-settings=\"{&quot;_animation&quot;:&quot;fadeIn&quot;}\" data-widget_type=\"heading.default\">\n\t\t\t\t\t<h2 class=\"elementor-heading-title elementor-size-default\">Was Sie in der Umgebung unternehmen k\u00f6nnen <br>des Dorfes toue des Demoiselles<\/h2>\t\t\t\t<\/div>\n\t\t\t\t<div class=\"elementor-element elementor-element-6cc575c8 elementor-invisible elementor-widget elementor-widget-text-editor\" data-id=\"6cc575c8\" data-element_type=\"widget\" data-e-type=\"widget\" data-settings=\"{&quot;_animation&quot;:&quot;fadeIn&quot;}\" data-widget_type=\"text-editor.default\">\n\t\t\t\t\t\t\t\t\t<p>Wir bieten Ihnen eine Auswahl an Sehensw\u00fcrdigkeiten und Aktivit\u00e4ten in der Umgebung des Dorfes.<\/p>\t\t\t\t\t\t\t\t<\/div>\n\t\t\t\t\t<\/div>\n\t\t\t\t<\/div>\n\t\t\t\t<\/div>\n\t\t<div class=\"elementor-element elementor-element-1859e009 e-flex e-con-boxed e-con e-parent\" data-id=\"1859e009\" data-element_type=\"container\" data-e-type=\"container\">\n\t\t\t\t\t<div class=\"e-con-inner\">\n\t\t\t\t<div class=\"elementor-element elementor-element-7dfdfcb9 elementor-widget elementor-widget-heading\" data-id=\"7dfdfcb9\" data-element_type=\"widget\" data-e-type=\"widget\" data-widget_type=\"heading.default\">\n\t\t\t\t\t<h4 class=\"elementor-heading-title elementor-size-default\">Was kann man in der N\u00e4he des Toue-Dorfes unternehmen?<\/h4>\t\t\t\t<\/div>\n\t\t\t\t<div class=\"elementor-element elementor-element-7596a338 elementor-widget elementor-widget-text-editor\" data-id=\"7596a338\" data-element_type=\"widget\" data-e-type=\"widget\" data-widget_type=\"text-editor.default\">\n\t\t\t\t\t\t\t\t\t<p>Wir bieten Ihnen eine Auswahl an Sehensw\u00fcrdigkeiten und Aktivit\u00e4ten, die sich in unmittelbarer N\u00e4he des Club-Resorts Toue des Demoiselles befinden.<\/p>\t\t\t\t\t\t\t\t<\/div>\n\t\t<div class=\"elementor-element elementor-element-165e5cd1 e-con-full e-flex e-con e-child\" data-id=\"165e5cd1\" data-element_type=\"container\" data-e-type=\"container\">\n\t\t<div class=\"elementor-element elementor-element-75148afb e-con-full e-flex e-con e-child\" data-id=\"75148afb\" data-element_type=\"container\" data-e-type=\"container\">\n\t\t\t\t<div class=\"elementor-element elementor-element-37c0fb71 elementor-vertical-align-top elementor-widget elementor-widget-image-box\" data-id=\"37c0fb71\" data-element_type=\"widget\" data-e-type=\"widget\" data-widget_type=\"image-box.default\">\n\t\t\t\t\t<div class=\"elementor-image-box-wrapper\"><div class=\"elementor-image-box-content\"><h3 class=\"elementor-image-box-title\"><a href=\"https:\/\/www.croisiere-digoin.fr\/\" target=\"_blank\">Schiff Stadt Digoin \u2764\u2b50.<\/a><\/h3><p class=\"elementor-image-box-description\"><b>(in Digoin, 5 km entfernt)<\/b>\nKreuzfahrt oder Lunch Cruise\n<\/p><\/div><\/div>\t\t\t\t<\/div>\n\t\t\t\t<\/div>\n\t\t<div class=\"elementor-element elementor-element-5cda9919 e-con-full e-flex e-con e-child\" data-id=\"5cda9919\" data-element_type=\"container\" data-e-type=\"container\" data-settings=\"{&quot;background_background&quot;:&quot;classic&quot;}\">\n\t\t\t\t<div class=\"elementor-element elementor-element-6e6649e5 elementor-vertical-align-top elementor-widget elementor-widget-image-box\" data-id=\"6e6649e5\" data-element_type=\"widget\" data-e-type=\"widget\" data-widget_type=\"image-box.default\">\n\t\t\t\t\t<div class=\"elementor-image-box-wrapper\"><div class=\"elementor-image-box-content\"><h3 class=\"elementor-image-box-title\"><a href=\"https:\/\/www.lescanalous.fr\" target=\"_blank\">Die Canalous \u2764\u2b50.<\/a><\/h3><p class=\"elementor-image-box-description\"> <b> (in Digoin, 5 km entfernt)<\/b><br>Bootsverleih mit Kapit\u00e4n f\u00fcr einen Tag  <br>\n<\/p><\/div><\/div>\t\t\t\t<\/div>\n\t\t\t\t<div class=\"elementor-element elementor-element-4fd16ddb elementor-vertical-align-top elementor-widget elementor-widget-image-box\" data-id=\"4fd16ddb\" data-element_type=\"widget\" data-e-type=\"widget\" data-widget_type=\"image-box.default\">\n\t\t\t\t\t<div class=\"elementor-image-box-wrapper\"><div class=\"elementor-image-box-content\"><h3 class=\"elementor-image-box-title\"><a href=\"https:\/\/bullincharolais.fr\/\" target=\"_blank\">Bull'in Charollais  <\/a><\/h3><p class=\"elementor-image-box-description\"><b>(in Vitry en Charollais, 10 km entfernt)<\/b><br>Bowling, Lasergame, Spielplatz, Billard\n<br>\n<\/p><\/div><\/div>\t\t\t\t<\/div>\n\t\t\t\t<div class=\"elementor-element elementor-element-264aefad elementor-vertical-align-top elementor-widget elementor-widget-image-box\" data-id=\"264aefad\" data-element_type=\"widget\" data-e-type=\"widget\" data-widget_type=\"image-box.default\">\n\t\t\t\t\t<div class=\"elementor-image-box-wrapper\"><div class=\"elementor-image-box-content\"><h3 class=\"elementor-image-box-title\"><a href=\"https:\/\/www.allocine.fr\/seance\" target=\"_blank\">Kino Le Majestic<\/a><\/h3><p class=\"elementor-image-box-description\"><b>  (in Digoin, 6 km entfernt)<\/b><br>\n<\/p><\/div><\/div>\t\t\t\t<\/div>\n\t\t\t\t<\/div>\n\t\t<div class=\"elementor-element elementor-element-334ec803 e-con-full e-flex e-con e-child\" data-id=\"334ec803\" data-element_type=\"container\" data-e-type=\"container\">\n\t\t\t\t<div class=\"elementor-element elementor-element-7338e778 elementor-vertical-align-top elementor-widget elementor-widget-image-box\" data-id=\"7338e778\" data-element_type=\"widget\" data-e-type=\"widget\" data-widget_type=\"image-box.default\">\n\t\t\t\t\t<div class=\"elementor-image-box-wrapper\"><div class=\"elementor-image-box-content\"><h3 class=\"elementor-image-box-title\"><a href=\"http:\/\/www.facebook.com\/cinema.empire\" target=\"_blank\">Kino L'Empire \u2764.<\/a><\/h3><p class=\"elementor-image-box-description\"><b>(in Paray le Monial, 15 km entfernt)<\/b><br>\n<\/p><\/div><\/div>\t\t\t\t<\/div>\n\t\t\t\t<div class=\"elementor-element elementor-element-6fe2a21 elementor-vertical-align-top elementor-widget elementor-widget-image-box\" data-id=\"6fe2a21\" data-element_type=\"widget\" data-e-type=\"widget\" data-widget_type=\"image-box.default\">\n\t\t\t\t\t<div class=\"elementor-image-box-wrapper\"><div class=\"elementor-image-box-content\"><h3 class=\"elementor-image-box-title\">Essen'ci'elle \u2764.<\/h3><p class=\"elementor-image-box-description\"><b>(in Digoin, 5 km entfernt)<\/b><br>Friseur, Sch\u00f6nheitssalon, Nagelbar\n<\/p><\/div><\/div>\t\t\t\t<\/div>\n\t\t\t\t<div class=\"elementor-element elementor-element-d347902 elementor-vertical-align-top elementor-widget elementor-widget-image-box\" data-id=\"d347902\" data-element_type=\"widget\" data-e-type=\"widget\" data-widget_type=\"image-box.default\">\n\t\t\t\t\t<div class=\"elementor-image-box-wrapper\"><div class=\"elementor-image-box-content\"><h3 class=\"elementor-image-box-title\"><a href=\"http:\/\/www.facebook.com\/cinema.empire\" target=\"_blank\">ObservaLoire \u2764.<\/a><\/h3><p class=\"elementor-image-box-description\"><b>(in Digoin, 2 km)<\/b><br>Interaktives Museum \u00fcber die Geschichte der Loire\n\n<\/p><\/div><\/div>\t\t\t\t<\/div>\n\t\t\t\t<\/div>\n\t\t\t\t<\/div>\n\t\t\t\t\t<\/div>\n\t\t\t\t<\/div>\n\t\t<div class=\"elementor-element elementor-element-46d9d6b5 e-flex e-con-boxed e-con e-parent\" data-id=\"46d9d6b5\" data-element_type=\"container\" data-e-type=\"container\" data-settings=\"{&quot;background_background&quot;:&quot;classic&quot;}\">\n\t\t\t\t\t<div class=\"e-con-inner\">\n\t\t\t\t<div class=\"elementor-element elementor-element-46c6b2e7 elementor-widget elementor-widget-heading\" data-id=\"46c6b2e7\" data-element_type=\"widget\" data-e-type=\"widget\" data-widget_type=\"heading.default\">\n\t\t\t\t\t<h4 class=\"elementor-heading-title elementor-size-default\">In der Umgebung<\/h4>\t\t\t\t<\/div>\n\t\t<div class=\"elementor-element elementor-element-3fb02a3f e-con-full e-flex e-con e-child\" data-id=\"3fb02a3f\" data-element_type=\"container\" data-e-type=\"container\">\n\t\t<div class=\"elementor-element elementor-element-28ca61e1 e-flex e-con-boxed e-con e-child\" data-id=\"28ca61e1\" data-element_type=\"container\" data-e-type=\"container\">\n\t\t\t\t\t<div class=\"e-con-inner\">\n\t\t\t\t<div class=\"elementor-element elementor-element-20b5d0a9 elementor-cta--skin-cover elementor-cta--valign-middle elementor-animated-content elementor-bg-transform elementor-bg-transform-zoom-in elementor-widget elementor-widget-call-to-action\" data-id=\"20b5d0a9\" data-element_type=\"widget\" data-e-type=\"widget\" data-widget_type=\"call-to-action.default\">\n\t\t\t\t\t\t\t<a class=\"elementor-cta\" href=\"https:\/\/slowmoov.com\/de\/village-toue-des-demoiselles\/a-trois-pas\/\" target=\"_blank\">\n\t\t\t\t\t<div class=\"elementor-cta__bg-wrapper\">\n\t\t\t\t<div class=\"elementor-cta__bg elementor-bg\" style=\"background-image: url(https:\/\/slowmoov.com\/wp-content\/uploads\/2025\/10\/a-trois-pas.webp);\" role=\"img\" aria-label=\"a-trois-pas\"><\/div>\n\t\t\t\t<div class=\"elementor-cta__bg-overlay\"><\/div>\n\t\t\t<\/div>\n\t\t\t\t\t\t\t<div class=\"elementor-cta__content\">\n\t\t\t\t\n\t\t\t\t\t\t\t\t\t<h4 class=\"elementor-cta__title elementor-cta__content-item elementor-content-item elementor-animated-item--move-up\">\n\t\t\t\t\t\tDrei Schritte entfernt  \t\t\t\t\t<\/h4>\n\t\t\t\t\n\t\t\t\t\n\t\t\t\t\t\t\t<\/div>\n\t\t\t\t\t\t<\/a>\n\t\t\t\t\t\t<\/div>\n\t\t\t\t\t<\/div>\n\t\t\t\t<\/div>\n\t\t<div class=\"elementor-element elementor-element-6a085487 e-con-full e-flex e-con e-child\" data-id=\"6a085487\" data-element_type=\"container\" data-e-type=\"container\">\n\t\t\t\t<div class=\"elementor-element elementor-element-75cca660 elementor-cta--skin-cover elementor-cta--valign-middle elementor-animated-content elementor-bg-transform elementor-bg-transform-zoom-in elementor-widget elementor-widget-call-to-action\" data-id=\"75cca660\" data-element_type=\"widget\" data-e-type=\"widget\" data-widget_type=\"call-to-action.default\">\n\t\t\t\t\t\t\t<a class=\"elementor-cta\" href=\"https:\/\/slowmoov.com\/de\/village-toue-des-demoiselles\/au-bord-de-leau\/\">\n\t\t\t\t\t<div class=\"elementor-cta__bg-wrapper\">\n\t\t\t\t<div class=\"elementor-cta__bg elementor-bg\" style=\"background-image: url(https:\/\/slowmoov.com\/wp-content\/uploads\/2025\/10\/aubordeleau.webp);\" role=\"img\" aria-label=\"aubordeleau\"><\/div>\n\t\t\t\t<div class=\"elementor-cta__bg-overlay\"><\/div>\n\t\t\t<\/div>\n\t\t\t\t\t\t\t<div class=\"elementor-cta__content\">\n\t\t\t\t\n\t\t\t\t\t\t\t\t\t<h4 class=\"elementor-cta__title elementor-cta__content-item elementor-content-item elementor-animated-item--move-up\">\n\t\t\t\t\t\tAm Wasser\t\t\t\t\t<\/h4>\n\t\t\t\t\n\t\t\t\t\n\t\t\t\t\t\t\t<\/div>\n\t\t\t\t\t\t<\/a>\n\t\t\t\t\t\t<\/div>\n\t\t\t\t<\/div>\n\t\t\t\t<\/div>\n\t\t\t\t\t<\/div>\n\t\t\t\t<\/div>\n\t\t<div class=\"elementor-element elementor-element-69d7fb8c e-con-full e-flex e-con e-parent\" data-id=\"69d7fb8c\" data-element_type=\"container\" data-e-type=\"container\" data-settings=\"{&quot;background_background&quot;:&quot;classic&quot;}\">\n\t\t\t\t<div class=\"elementor-element elementor-element-3cad4a16 elementor-widget elementor-widget-heading\" data-id=\"3cad4a16\" data-element_type=\"widget\" data-e-type=\"widget\" data-widget_type=\"heading.default\">\n\t\t\t\t\t<h2 class=\"elementor-heading-title elementor-size-default\">Sind Sie bereit, die Erfahrung von <br> toue des Demoiselles zu machen?<\/h2>\t\t\t\t<\/div>\n\t\t\t\t<div class=\"elementor-element elementor-element-249f8573 elementor-align-center elementor-widget elementor-widget-button\" data-id=\"249f8573\" data-element_type=\"widget\" data-e-type=\"widget\" data-widget_type=\"button.default\">\n\t\t\t\t\t\t\t\t\t\t<a class=\"elementor-button elementor-button-link elementor-size-sm\" href=\"https:\/\/slowmoov.com\/de\/hebergements\/?_village=village-toue-des-demoiselles\">\n\t\t\t\t\t\t<span class=\"elementor-button-content-wrapper\">\n\t\t\t\t\t\t<span class=\"elementor-button-icon\">\n\t\t\t\t<svg xmlns=\"http:\/\/www.w3.org\/2000\/svg\" width=\"14\" height=\"12\" viewBox=\"0 0 14 12\" fill=\"none\"><path d=\"M1 6.16667H12.6667M8.33333 10.8333L13 6.16667L8.33333 1.5\" stroke=\"white\" stroke-width=\"1.33333\" stroke-linecap=\"round\" stroke-linejoin=\"round\"><\/path><\/svg>\t\t\t<\/span>\n\t\t\t\t\t\t\t\t\t<span class=\"elementor-button-text\">Sehen Sie sich die Unterk\u00fcnfte an<\/span>\n\t\t\t\t\t<\/span>\n\t\t\t\t\t<\/a>\n\t\t\t\t\t\t\t\t<\/div>\n\t\t\t\t<\/div>\n\t\t\t\t<\/div>\n\t\t","protected":false},"excerpt":{"rendered":"<p>Village toue des Demoiselles &gt; Nur wenige Schritte entfernt Was Sie in der Umgebung unternehmen k\u00f6nnen des Dorfes toue des Demoiselles Wir bieten Ihnen eine Auswahl an Sehensw\u00fcrdigkeiten und Aktivit\u00e4ten in der Umgebung des Dorfes. Was kann man in der N\u00e4he des Toue-Dorfes unternehmen? Wir bieten Ihnen eine Auswahl an Sehensw\u00fcrdigkeiten und Aktivit\u00e4ten, die sich [&hellip;]<\/p>\n","protected":false},"author":5,"featured_media":0,"parent":74170,"menu_order":0,"comment_status":"closed","ping_status":"closed","template":"elementor_header_footer","meta":{"_acf_changed":false,"footnotes":""},"class_list":["post-74911","page","type-page","status-publish","hentry"],"acf":[],"yoast_head":"<!-- This site is optimized with the Yoast SEO plugin v27.5 - https:\/\/yoast.com\/product\/yoast-seo-wordpress\/ -->\n<title>Nur ein paar Schritte entfernt - SlowMoov \u2013 Au\u00dfergew\u00f6hnliche D\u00f6rfer<\/title>\n<meta name=\"robots\" content=\"index, follow, max-snippet:-1, max-image-preview:large, max-video-preview:-1\" \/>\n<link rel=\"canonical\" href=\"https:\/\/slowmoov.com\/de\/village-toue-des-demoiselles\/a-deux-pas\/\" \/>\n<meta property=\"og:locale\" content=\"de_DE\" \/>\n<meta property=\"og:type\" content=\"article\" \/>\n<meta property=\"og:title\" content=\"Nur ein paar Schritte entfernt - SlowMoov \u2013 Au\u00dfergew\u00f6hnliche D\u00f6rfer\" \/>\n<meta property=\"og:description\" content=\"Village toue des Demoiselles &gt; Nur wenige Schritte entfernt Was Sie in der Umgebung unternehmen k\u00f6nnen des Dorfes toue des Demoiselles Wir bieten Ihnen eine Auswahl an Sehensw\u00fcrdigkeiten und Aktivit\u00e4ten in der Umgebung des Dorfes. Was kann man in der N\u00e4he des Toue-Dorfes unternehmen? Wir bieten Ihnen eine Auswahl an Sehensw\u00fcrdigkeiten und Aktivit\u00e4ten, die sich [&hellip;]\" \/>\n<meta property=\"og:url\" content=\"https:\/\/slowmoov.com\/de\/village-toue-des-demoiselles\/a-deux-pas\/\" \/>\n<meta property=\"og:site_name\" content=\"SlowMoov \u2013 Au\u00dfergew\u00f6hnliche D\u00f6rfer\" \/>\n<meta property=\"article:publisher\" content=\"https:\/\/www.facebook.com\/slowmoov\/\" \/>\n<meta property=\"article:modified_time\" content=\"2025-12-21T21:44:24+00:00\" \/>\n<meta name=\"twitter:card\" content=\"summary_large_image\" \/>\n<meta name=\"twitter:site\" content=\"@slowmoov\" \/>\n<meta name=\"twitter:label1\" content=\"Gesch\u00e4tzte Lesezeit\" \/>\n\t<meta name=\"twitter:data1\" content=\"1\u00a0Minute\" \/>\n<script type=\"application\/ld+json\" class=\"yoast-schema-graph\">{\"@context\":\"https:\\\/\\\/schema.org\",\"@graph\":[{\"@type\":\"WebPage\",\"@id\":\"https:\\\/\\\/slowmoov.com\\\/de\\\/village-toue-des-demoiselles\\\/a-deux-pas\\\/\",\"url\":\"https:\\\/\\\/slowmoov.com\\\/de\\\/village-toue-des-demoiselles\\\/a-deux-pas\\\/\",\"name\":\"Nur ein paar Schritte entfernt - SlowMoov \u2013 Au\u00dfergew\u00f6hnliche D\u00f6rfer\",\"isPartOf\":{\"@id\":\"https:\\\/\\\/slowmoov.com\\\/de\\\/#website\"},\"datePublished\":\"2025-10-27T10:49:45+00:00\",\"dateModified\":\"2025-12-21T21:44:24+00:00\",\"breadcrumb\":{\"@id\":\"https:\\\/\\\/slowmoov.com\\\/de\\\/village-toue-des-demoiselles\\\/a-deux-pas\\\/#breadcrumb\"},\"inLanguage\":\"de\",\"potentialAction\":[{\"@type\":\"ReadAction\",\"target\":[\"https:\\\/\\\/slowmoov.com\\\/de\\\/village-toue-des-demoiselles\\\/a-deux-pas\\\/\"]}]},{\"@type\":\"BreadcrumbList\",\"@id\":\"https:\\\/\\\/slowmoov.com\\\/de\\\/village-toue-des-demoiselles\\\/a-deux-pas\\\/#breadcrumb\",\"itemListElement\":[{\"@type\":\"ListItem\",\"position\":1,\"name\":\"Accueil\",\"item\":\"https:\\\/\\\/slowmoov.com\\\/de\\\/\"},{\"@type\":\"ListItem\",\"position\":2,\"name\":\"Village Toue des Demoiselles\",\"item\":\"https:\\\/\\\/slowmoov.com\\\/de\\\/village-toue-des-demoiselles\\\/\"},{\"@type\":\"ListItem\",\"position\":3,\"name\":\"Nur ein paar Schritte entfernt\"}]},{\"@type\":\"WebSite\",\"@id\":\"https:\\\/\\\/slowmoov.com\\\/de\\\/#website\",\"url\":\"https:\\\/\\\/slowmoov.com\\\/de\\\/\",\"name\":\"SlowMoov - Villages insolites\",\"description\":\"Venez passer vos prochaines vacances originales chez Slowmoov !\",\"publisher\":{\"@id\":\"https:\\\/\\\/slowmoov.com\\\/de\\\/#organization\"},\"potentialAction\":[{\"@type\":\"SearchAction\",\"target\":{\"@type\":\"EntryPoint\",\"urlTemplate\":\"https:\\\/\\\/slowmoov.com\\\/de\\\/?s={search_term_string}\"},\"query-input\":{\"@type\":\"PropertyValueSpecification\",\"valueRequired\":true,\"valueName\":\"search_term_string\"}}],\"inLanguage\":\"de\"},{\"@type\":\"Organization\",\"@id\":\"https:\\\/\\\/slowmoov.com\\\/de\\\/#organization\",\"name\":\"SlowMoov\",\"url\":\"https:\\\/\\\/slowmoov.com\\\/de\\\/\",\"logo\":{\"@type\":\"ImageObject\",\"inLanguage\":\"de\",\"@id\":\"https:\\\/\\\/slowmoov.com\\\/de\\\/#\\\/schema\\\/logo\\\/image\\\/\",\"url\":\"https:\\\/\\\/slowmoov.com\\\/wp-content\\\/uploads\\\/2025\\\/09\\\/logo-slowmoov-1.png\",\"contentUrl\":\"https:\\\/\\\/slowmoov.com\\\/wp-content\\\/uploads\\\/2025\\\/09\\\/logo-slowmoov-1.png\",\"width\":2234,\"height\":716,\"caption\":\"SlowMoov\"},\"image\":{\"@id\":\"https:\\\/\\\/slowmoov.com\\\/de\\\/#\\\/schema\\\/logo\\\/image\\\/\"},\"sameAs\":[\"https:\\\/\\\/www.facebook.com\\\/slowmoov\\\/\",\"https:\\\/\\\/x.com\\\/slowmoov\",\"https:\\\/\\\/www.instagram.com\\\/slowmoov_villages_insolites\\\/\",\"https:\\\/\\\/www.youtube.com\\\/channel\\\/UCqwuY0zlhJy1YsVWbnm-V7A\"]}]}<\/script>\n<!-- \/ Yoast SEO plugin. -->","yoast_head_json":{"title":"Nur ein paar Schritte entfernt - SlowMoov \u2013 Au\u00dfergew\u00f6hnliche D\u00f6rfer","robots":{"index":"index","follow":"follow","max-snippet":"max-snippet:-1","max-image-preview":"max-image-preview:large","max-video-preview":"max-video-preview:-1"},"canonical":"https:\/\/slowmoov.com\/de\/village-toue-des-demoiselles\/a-deux-pas\/","og_locale":"de_DE","og_type":"article","og_title":"Nur ein paar Schritte entfernt - SlowMoov \u2013 Au\u00dfergew\u00f6hnliche D\u00f6rfer","og_description":"Village toue des Demoiselles &gt; Nur wenige Schritte entfernt Was Sie in der Umgebung unternehmen k\u00f6nnen des Dorfes toue des Demoiselles Wir bieten Ihnen eine Auswahl an Sehensw\u00fcrdigkeiten und Aktivit\u00e4ten in der Umgebung des Dorfes. Was kann man in der N\u00e4he des Toue-Dorfes unternehmen? Wir bieten Ihnen eine Auswahl an Sehensw\u00fcrdigkeiten und Aktivit\u00e4ten, die sich [&hellip;]","og_url":"https:\/\/slowmoov.com\/de\/village-toue-des-demoiselles\/a-deux-pas\/","og_site_name":"SlowMoov \u2013 Au\u00dfergew\u00f6hnliche D\u00f6rfer","article_publisher":"https:\/\/www.facebook.com\/slowmoov\/","article_modified_time":"2025-12-21T21:44:24+00:00","twitter_card":"summary_large_image","twitter_site":"@slowmoov","twitter_misc":{"Gesch\u00e4tzte Lesezeit":"1\u00a0Minute"},"schema":{"@context":"https:\/\/schema.org","@graph":[{"@type":"WebPage","@id":"https:\/\/slowmoov.com\/de\/village-toue-des-demoiselles\/a-deux-pas\/","url":"https:\/\/slowmoov.com\/de\/village-toue-des-demoiselles\/a-deux-pas\/","name":"Nur ein paar Schritte entfernt - SlowMoov \u2013 Au\u00dfergew\u00f6hnliche D\u00f6rfer","isPartOf":{"@id":"https:\/\/slowmoov.com\/de\/#website"},"datePublished":"2025-10-27T10:49:45+00:00","dateModified":"2025-12-21T21:44:24+00:00","breadcrumb":{"@id":"https:\/\/slowmoov.com\/de\/village-toue-des-demoiselles\/a-deux-pas\/#breadcrumb"},"inLanguage":"de","potentialAction":[{"@type":"ReadAction","target":["https:\/\/slowmoov.com\/de\/village-toue-des-demoiselles\/a-deux-pas\/"]}]},{"@type":"BreadcrumbList","@id":"https:\/\/slowmoov.com\/de\/village-toue-des-demoiselles\/a-deux-pas\/#breadcrumb","itemListElement":[{"@type":"ListItem","position":1,"name":"Accueil","item":"https:\/\/slowmoov.com\/de\/"},{"@type":"ListItem","position":2,"name":"Village Toue des Demoiselles","item":"https:\/\/slowmoov.com\/de\/village-toue-des-demoiselles\/"},{"@type":"ListItem","position":3,"name":"Nur ein paar Schritte entfernt"}]},{"@type":"WebSite","@id":"https:\/\/slowmoov.com\/de\/#website","url":"https:\/\/slowmoov.com\/de\/","name":"SlowMoov - Villages insolites","description":"Venez passer vos prochaines vacances originales chez Slowmoov !","publisher":{"@id":"https:\/\/slowmoov.com\/de\/#organization"},"potentialAction":[{"@type":"SearchAction","target":{"@type":"EntryPoint","urlTemplate":"https:\/\/slowmoov.com\/de\/?s={search_term_string}"},"query-input":{"@type":"PropertyValueSpecification","valueRequired":true,"valueName":"search_term_string"}}],"inLanguage":"de"},{"@type":"Organization","@id":"https:\/\/slowmoov.com\/de\/#organization","name":"SlowMoov","url":"https:\/\/slowmoov.com\/de\/","logo":{"@type":"ImageObject","inLanguage":"de","@id":"https:\/\/slowmoov.com\/de\/#\/schema\/logo\/image\/","url":"https:\/\/slowmoov.com\/wp-content\/uploads\/2025\/09\/logo-slowmoov-1.png","contentUrl":"https:\/\/slowmoov.com\/wp-content\/uploads\/2025\/09\/logo-slowmoov-1.png","width":2234,"height":716,"caption":"SlowMoov"},"image":{"@id":"https:\/\/slowmoov.com\/de\/#\/schema\/logo\/image\/"},"sameAs":["https:\/\/www.facebook.com\/slowmoov\/","https:\/\/x.com\/slowmoov","https:\/\/www.instagram.com\/slowmoov_villages_insolites\/","https:\/\/www.youtube.com\/channel\/UCqwuY0zlhJy1YsVWbnm-V7A"]}]}},"_links":{"self":[{"href":"https:\/\/slowmoov.com\/de\/wp-json\/wp\/v2\/pages\/74911","targetHints":{"allow":["GET"]}}],"collection":[{"href":"https:\/\/slowmoov.com\/de\/wp-json\/wp\/v2\/pages"}],"about":[{"href":"https:\/\/slowmoov.com\/de\/wp-json\/wp\/v2\/types\/page"}],"author":[{"embeddable":true,"href":"https:\/\/slowmoov.com\/de\/wp-json\/wp\/v2\/users\/5"}],"replies":[{"embeddable":true,"href":"https:\/\/slowmoov.com\/de\/wp-json\/wp\/v2\/comments?post=74911"}],"version-history":[{"count":2,"href":"https:\/\/slowmoov.com\/de\/wp-json\/wp\/v2\/pages\/74911\/revisions"}],"predecessor-version":[{"id":79563,"href":"https:\/\/slowmoov.com\/de\/wp-json\/wp\/v2\/pages\/74911\/revisions\/79563"}],"up":[{"embeddable":true,"href":"https:\/\/slowmoov.com\/de\/wp-json\/wp\/v2\/pages\/74170"}],"wp:attachment":[{"href":"https:\/\/slowmoov.com\/de\/wp-json\/wp\/v2\/media?parent=74911"}],"curies":[{"name":"wp","href":"https:\/\/api.w.org\/{rel}","templated":true}]}}