{"id":74090,"date":"2025-10-27T10:51:16","date_gmt":"2025-10-27T10:51:16","guid":{"rendered":"https:\/\/slowmoov.com\/zwei-schritte-entfernt-champagner\/"},"modified":"2025-12-21T21:34:44","modified_gmt":"2025-12-21T21:34:44","slug":"a-deux-pas-champagne","status":"publish","type":"page","link":"https:\/\/slowmoov.com\/de\/village-de-la-champagne\/a-deux-pas-champagne\/","title":{"rendered":"Zwei Schritte entfernt-Champagner"},"content":{"rendered":"\t\t<div data-elementor-type=\"wp-page\" data-elementor-id=\"74090\" class=\"elementor elementor-74090 elementor-71493\" data-elementor-post-type=\"page\">\n\t\t\t\t<div class=\"elementor-element elementor-element-3f087528 e-con-full e-flex e-con e-parent\" data-id=\"3f087528\" data-element_type=\"container\" data-e-type=\"container\" data-settings=\"{&quot;background_background&quot;:&quot;classic&quot;}\">\n\t\t<div class=\"elementor-element elementor-element-4a65e554 e-flex e-con-boxed e-con e-child\" data-id=\"4a65e554\" data-element_type=\"container\" data-e-type=\"container\">\n\t\t\t\t\t<div class=\"e-con-inner\">\n\t\t\t\t<div class=\"elementor-element elementor-element-52f059aa elementor-align-center elementor-widget elementor-widget-button\" data-id=\"52f059aa\" data-element_type=\"widget\" data-e-type=\"widget\" data-widget_type=\"button.default\">\n\t\t\t\t\t\t\t\t\t\t<a class=\"elementor-button elementor-button-link elementor-size-sm\" href=\"#\">\n\t\t\t\t\t\t<span class=\"elementor-button-content-wrapper\">\n\t\t\t\t\t\t\t\t\t<span class=\"elementor-button-text\">Village de la Champagne &gt; In unmittelbarer N\u00e4he  <\/span>\n\t\t\t\t\t<\/span>\n\t\t\t\t\t<\/a>\n\t\t\t\t\t\t\t\t<\/div>\n\t\t\t\t<div class=\"elementor-element elementor-element-6acc652f elementor-invisible elementor-widget elementor-widget-heading\" data-id=\"6acc652f\" data-element_type=\"widget\" data-e-type=\"widget\" data-settings=\"{&quot;_animation&quot;:&quot;fadeIn&quot;}\" data-widget_type=\"heading.default\">\n\t\t\t\t\t<h2 class=\"elementor-heading-title elementor-size-default\">Was Sie in der Umgebung unternehmen k\u00f6nnen <br>des Dorfes La Champagne<\/h2>\t\t\t\t<\/div>\n\t\t\t\t<div class=\"elementor-element elementor-element-621cf247 elementor-invisible elementor-widget elementor-widget-text-editor\" data-id=\"621cf247\" data-element_type=\"widget\" data-e-type=\"widget\" data-settings=\"{&quot;_animation&quot;:&quot;fadeIn&quot;}\" data-widget_type=\"text-editor.default\">\n\t\t\t\t\t\t\t\t\t<p>Wir bieten Ihnen eine Auswahl an Sehensw\u00fcrdigkeiten und Aktivit\u00e4ten in der Umgebung des Club-Resorts.<\/p>\t\t\t\t\t\t\t\t<\/div>\n\t\t\t\t\t<\/div>\n\t\t\t\t<\/div>\n\t\t\t\t<\/div>\n\t\t<div class=\"elementor-element elementor-element-7c65250c e-flex e-con-boxed e-con e-parent\" data-id=\"7c65250c\" data-element_type=\"container\" data-e-type=\"container\">\n\t\t\t\t\t<div class=\"e-con-inner\">\n\t\t\t\t<div class=\"elementor-element elementor-element-3cf416cb elementor-widget elementor-widget-heading\" data-id=\"3cf416cb\" data-element_type=\"widget\" data-e-type=\"widget\" data-widget_type=\"heading.default\">\n\t\t\t\t\t<h4 class=\"elementor-heading-title elementor-size-default\">Was man in der N\u00e4he des Dorfes unternehmen kann<\/h4>\t\t\t\t<\/div>\n\t\t\t\t<div class=\"elementor-element elementor-element-39fd66ed elementor-widget elementor-widget-text-editor\" data-id=\"39fd66ed\" data-element_type=\"widget\" data-e-type=\"widget\" data-widget_type=\"text-editor.default\">\n\t\t\t\t\t\t\t\t\t<p>Entdecken Sie, was Sie in unmittelbarer N\u00e4he des Village de la Champagne unternehmen k\u00f6nnen.  <\/p>\t\t\t\t\t\t\t\t<\/div>\n\t\t<div class=\"elementor-element elementor-element-f237048 e-con-full e-flex e-con e-child\" data-id=\"f237048\" data-element_type=\"container\" data-e-type=\"container\">\n\t\t<div class=\"elementor-element elementor-element-471fa4d e-con-full e-flex e-con e-child\" data-id=\"471fa4d\" data-element_type=\"container\" data-e-type=\"container\">\n\t\t\t\t<div class=\"elementor-element elementor-element-9d6e53b elementor-vertical-align-top elementor-widget elementor-widget-image-box\" data-id=\"9d6e53b\" data-element_type=\"widget\" data-e-type=\"widget\" data-widget_type=\"image-box.default\">\n\t\t\t\t\t<div class=\"elementor-image-box-wrapper\"><div class=\"elementor-image-box-content\"><h3 class=\"elementor-image-box-title\"><a href=\"https:\/\/www.nigloland.fr\/\" target=\"_blank\">Nigloland \u2764.<\/a><\/h3><p class=\"elementor-image-box-description\">Vergn\u00fcgungspark\n<br>\n<\/p><\/div><\/div>\t\t\t\t<\/div>\n\t\t\t\t<div class=\"elementor-element elementor-element-ba44afc elementor-vertical-align-top elementor-widget elementor-widget-image-box\" data-id=\"ba44afc\" data-element_type=\"widget\" data-e-type=\"widget\" data-widget_type=\"image-box.default\">\n\t\t\t\t\t<div class=\"elementor-image-box-wrapper\"><div class=\"elementor-image-box-content\"><h3 class=\"elementor-image-box-title\"><a href=\"https:\/\/magasins.lavieclaire.com\/lavieclaire\/fr\/store\/france\/grand-est\/aube\/bar-sur-aube\/bar-sur-aube\/11001?utm_source=GMB&#038;utm_campaign=Multidiffusion&#038;utm_medium=local&#038;utm_content=11001\" target=\"_blank\">La Vie Claire<\/a><\/h3><p class=\"elementor-image-box-description\"><b>in Bar-sur-aube 1.0km<\/b><br>Bio-Lebensmittelgesch\u00e4ft\n<br>\n<\/p><\/div><\/div>\t\t\t\t<\/div>\n\t\t\t\t<div class=\"elementor-element elementor-element-6293a90 elementor-vertical-align-top elementor-widget elementor-widget-image-box\" data-id=\"6293a90\" data-element_type=\"widget\" data-e-type=\"widget\" data-widget_type=\"image-box.default\">\n\t\t\t\t\t<div class=\"elementor-image-box-wrapper\"><div class=\"elementor-image-box-content\"><h3 class=\"elementor-image-box-title\">Das Kristallmuseum in Bayel<\/h3><p class=\"elementor-image-box-description\"><b>in Bayel, 8 km<\/b><br>Herstellung von Crystal-Elementen\n<br>\n<\/p><\/div><\/div>\t\t\t\t<\/div>\n\t\t\t\t<div class=\"elementor-element elementor-element-228eb6d elementor-vertical-align-top elementor-widget elementor-widget-image-box\" data-id=\"228eb6d\" data-element_type=\"widget\" data-e-type=\"widget\" data-widget_type=\"image-box.default\">\n\t\t\t\t\t<div class=\"elementor-image-box-wrapper\"><div class=\"elementor-image-box-content\"><h3 class=\"elementor-image-box-title\"><a href=\"https:\/\/museedupatrimoine.fr\/eglise-saint-pierre-de-bar-sur-aube-aube\/13258.html\" target=\"_blank\">Kirche Saint-Pierre<\/a><\/h3><p class=\"elementor-image-box-description\"><b>in Bar sur aube 0.6km<\/b><br>Katholische Kirche\n<br>\n<\/p><\/div><\/div>\t\t\t\t<\/div>\n\t\t\t\t<div class=\"elementor-element elementor-element-f4a1336 elementor-vertical-align-top elementor-widget elementor-widget-image-box\" data-id=\"f4a1336\" data-element_type=\"widget\" data-e-type=\"widget\" data-widget_type=\"image-box.default\">\n\t\t\t\t\t<div class=\"elementor-image-box-wrapper\"><div class=\"elementor-image-box-content\"><h3 class=\"elementor-image-box-title\"><a href=\"http:\/\/www.bayel-cristal.com\" target=\"_blank\">Palm Circuit<\/a><\/h3><p class=\"elementor-image-box-description\"> <b> (in Bar sur aube 0.6km)<\/b><br>Herstellung von Crystal-Elementen\n<br>\n<\/p><\/div><\/div>\t\t\t\t<\/div>\n\t\t\t\t<div class=\"elementor-element elementor-element-16c9864 elementor-vertical-align-top elementor-widget elementor-widget-image-box\" data-id=\"16c9864\" data-element_type=\"widget\" data-e-type=\"widget\" data-widget_type=\"image-box.default\">\n\t\t\t\t\t<div class=\"elementor-image-box-wrapper\"><div class=\"elementor-image-box-content\"><h3 class=\"elementor-image-box-title\"><a href=\"http:\/\/www.bayel-cristal.com\" target=\"_blank\">Park de la Gravi\u00e8re  <\/a><\/h3><p class=\"elementor-image-box-description\"><b>  (in Bar sur aube 0.20km)))<\/b><br>\n<br>\n<\/p><\/div><\/div>\t\t\t\t<\/div>\n\t\t\t\t<\/div>\n\t\t\t\t<\/div>\n\t\t\t\t\t<\/div>\n\t\t\t\t<\/div>\n\t\t<div class=\"elementor-element elementor-element-41ccc476 e-flex e-con-boxed e-con e-parent\" data-id=\"41ccc476\" data-element_type=\"container\" data-e-type=\"container\" data-settings=\"{&quot;background_background&quot;:&quot;classic&quot;}\">\n\t\t\t\t\t<div class=\"e-con-inner\">\n\t\t\t\t<div class=\"elementor-element elementor-element-6647165d elementor-widget elementor-widget-heading\" data-id=\"6647165d\" data-element_type=\"widget\" data-e-type=\"widget\" data-widget_type=\"heading.default\">\n\t\t\t\t\t<h4 class=\"elementor-heading-title elementor-size-default\">In der Umgebung<\/h4>\t\t\t\t<\/div>\n\t\t<div class=\"elementor-element elementor-element-6217ec4f e-con-full e-flex e-con e-child\" data-id=\"6217ec4f\" data-element_type=\"container\" data-e-type=\"container\">\n\t\t<div class=\"elementor-element elementor-element-37766a70 e-flex e-con-boxed e-con e-child\" data-id=\"37766a70\" data-element_type=\"container\" data-e-type=\"container\">\n\t\t\t\t\t<div class=\"e-con-inner\">\n\t\t\t\t<div class=\"elementor-element elementor-element-557a4045 elementor-cta--skin-cover elementor-cta--valign-middle elementor-animated-content elementor-bg-transform elementor-bg-transform-zoom-in elementor-widget elementor-widget-call-to-action\" data-id=\"557a4045\" data-element_type=\"widget\" data-e-type=\"widget\" data-widget_type=\"call-to-action.default\">\n\t\t\t\t\t\t\t<a class=\"elementor-cta\" href=\"https:\/\/slowmoov.com\/de\/village-de-la-champagne\/a-trois-pas-champagne\/\" target=\"_blank\">\n\t\t\t\t\t<div class=\"elementor-cta__bg-wrapper\">\n\t\t\t\t<div class=\"elementor-cta__bg elementor-bg\" style=\"background-image: url(https:\/\/slowmoov.com\/wp-content\/uploads\/2025\/09\/village-monodiere-activite-sportive.png);\" role=\"img\" aria-label=\"dorf-monodiere-sportliche-aktivit\u00e4ten\"><\/div>\n\t\t\t\t<div class=\"elementor-cta__bg-overlay\"><\/div>\n\t\t\t<\/div>\n\t\t\t\t\t\t\t<div class=\"elementor-cta__content\">\n\t\t\t\t\n\t\t\t\t\t\t\t\t\t<h4 class=\"elementor-cta__title elementor-cta__content-item elementor-content-item elementor-animated-item--move-up\">\n\t\t\t\t\t\tDrei Schritte entfernt  \t\t\t\t\t<\/h4>\n\t\t\t\t\n\t\t\t\t\n\t\t\t\t\t\t\t<\/div>\n\t\t\t\t\t\t<\/a>\n\t\t\t\t\t\t<\/div>\n\t\t\t\t\t<\/div>\n\t\t\t\t<\/div>\n\t\t<div class=\"elementor-element elementor-element-83108cf e-con-full e-flex e-con e-child\" data-id=\"83108cf\" data-element_type=\"container\" data-e-type=\"container\">\n\t\t\t\t<div class=\"elementor-element elementor-element-77cb73e3 elementor-cta--skin-cover elementor-cta--valign-middle elementor-animated-content elementor-bg-transform elementor-bg-transform-zoom-in elementor-widget elementor-widget-call-to-action\" data-id=\"77cb73e3\" data-element_type=\"widget\" data-e-type=\"widget\" data-widget_type=\"call-to-action.default\">\n\t\t\t\t\t\t\t<a class=\"elementor-cta\" href=\"https:\/\/slowmoov.com\/de\/village-de-la-champagne\/am-wasser-champagner\/\" target=\"_blank\">\n\t\t\t\t\t<div class=\"elementor-cta__bg-wrapper\">\n\t\t\t\t<div class=\"elementor-cta__bg elementor-bg\" style=\"background-image: url(https:\/\/slowmoov.com\/wp-content\/uploads\/2025\/10\/aubordeleau.webp);\" role=\"img\" aria-label=\"aubordeleau\"><\/div>\n\t\t\t\t<div class=\"elementor-cta__bg-overlay\"><\/div>\n\t\t\t<\/div>\n\t\t\t\t\t\t\t<div class=\"elementor-cta__content\">\n\t\t\t\t\n\t\t\t\t\t\t\t\t\t<h4 class=\"elementor-cta__title elementor-cta__content-item elementor-content-item elementor-animated-item--move-up\">\n\t\t\t\t\t\tAm Wasser\t\t\t\t\t<\/h4>\n\t\t\t\t\n\t\t\t\t\n\t\t\t\t\t\t\t<\/div>\n\t\t\t\t\t\t<\/a>\n\t\t\t\t\t\t<\/div>\n\t\t\t\t<\/div>\n\t\t\t\t<\/div>\n\t\t\t\t\t<\/div>\n\t\t\t\t<\/div>\n\t\t<div class=\"elementor-element elementor-element-7145d109 e-con-full e-flex e-con e-parent\" data-id=\"7145d109\" data-element_type=\"container\" data-e-type=\"container\" data-settings=\"{&quot;background_background&quot;:&quot;classic&quot;}\">\n\t\t\t\t<div class=\"elementor-element elementor-element-607f754d elementor-widget elementor-widget-heading\" data-id=\"607f754d\" data-element_type=\"widget\" data-e-type=\"widget\" data-widget_type=\"heading.default\">\n\t\t\t\t\t<h2 class=\"elementor-heading-title elementor-size-default\">Sind Sie bereit, die Erfahrung von <br> in der Champagne zu machen?<\/h2>\t\t\t\t<\/div>\n\t\t\t\t<div class=\"elementor-element elementor-element-53a678de elementor-align-center elementor-widget elementor-widget-button\" data-id=\"53a678de\" data-element_type=\"widget\" data-e-type=\"widget\" data-widget_type=\"button.default\">\n\t\t\t\t\t\t\t\t\t\t<a class=\"elementor-button elementor-button-link elementor-size-sm\" href=\"https:\/\/slowmoov.com\/de\/hebergements\/?_village=village-de-la-champagne\">\n\t\t\t\t\t\t<span class=\"elementor-button-content-wrapper\">\n\t\t\t\t\t\t<span class=\"elementor-button-icon\">\n\t\t\t\t<svg xmlns=\"http:\/\/www.w3.org\/2000\/svg\" width=\"14\" height=\"12\" viewBox=\"0 0 14 12\" fill=\"none\"><path d=\"M1 6.16667H12.6667M8.33333 10.8333L13 6.16667L8.33333 1.5\" stroke=\"white\" stroke-width=\"1.33333\" stroke-linecap=\"round\" stroke-linejoin=\"round\"><\/path><\/svg>\t\t\t<\/span>\n\t\t\t\t\t\t\t\t\t<span class=\"elementor-button-text\">Sehen Sie sich die Unterk\u00fcnfte an<\/span>\n\t\t\t\t\t<\/span>\n\t\t\t\t\t<\/a>\n\t\t\t\t\t\t\t\t<\/div>\n\t\t\t\t<\/div>\n\t\t\t\t<\/div>\n\t\t","protected":false},"excerpt":{"rendered":"<p>Village de la Champagne &gt; In unmittelbarer N\u00e4he Was Sie in der Umgebung unternehmen k\u00f6nnen des Dorfes La Champagne Wir bieten Ihnen eine Auswahl an Sehensw\u00fcrdigkeiten und Aktivit\u00e4ten in der Umgebung des Club-Resorts. Was man in der N\u00e4he des Dorfes unternehmen kann Entdecken Sie, was Sie in unmittelbarer N\u00e4he des Village de la Champagne unternehmen [&hellip;]<\/p>\n","protected":false},"author":5,"featured_media":0,"parent":75455,"menu_order":0,"comment_status":"closed","ping_status":"closed","template":"elementor_header_footer","meta":{"_acf_changed":false,"footnotes":""},"class_list":["post-74090","page","type-page","status-publish","hentry"],"acf":[],"yoast_head":"<!-- This site is optimized with the Yoast SEO plugin v27.5 - https:\/\/yoast.com\/product\/yoast-seo-wordpress\/ -->\n<title>Zwei Schritte entfernt-Champagner - SlowMoov \u2013 Au\u00dfergew\u00f6hnliche D\u00f6rfer<\/title>\n<meta name=\"robots\" content=\"index, follow, max-snippet:-1, max-image-preview:large, max-video-preview:-1\" \/>\n<link rel=\"canonical\" href=\"https:\/\/slowmoov.com\/de\/village-de-la-champagne\/a-deux-pas-champagne\/\" \/>\n<meta property=\"og:locale\" content=\"de_DE\" \/>\n<meta property=\"og:type\" content=\"article\" \/>\n<meta property=\"og:title\" content=\"Zwei Schritte entfernt-Champagner - SlowMoov \u2013 Au\u00dfergew\u00f6hnliche D\u00f6rfer\" \/>\n<meta property=\"og:description\" content=\"Village de la Champagne &gt; In unmittelbarer N\u00e4he Was Sie in der Umgebung unternehmen k\u00f6nnen des Dorfes La Champagne Wir bieten Ihnen eine Auswahl an Sehensw\u00fcrdigkeiten und Aktivit\u00e4ten in der Umgebung des Club-Resorts. Was man in der N\u00e4he des Dorfes unternehmen kann Entdecken Sie, was Sie in unmittelbarer N\u00e4he des Village de la Champagne unternehmen [&hellip;]\" \/>\n<meta property=\"og:url\" content=\"https:\/\/slowmoov.com\/de\/village-de-la-champagne\/a-deux-pas-champagne\/\" \/>\n<meta property=\"og:site_name\" content=\"SlowMoov \u2013 Au\u00dfergew\u00f6hnliche D\u00f6rfer\" \/>\n<meta property=\"article:publisher\" content=\"https:\/\/www.facebook.com\/slowmoov\/\" \/>\n<meta property=\"article:modified_time\" content=\"2025-12-21T21:34:44+00:00\" \/>\n<meta name=\"twitter:card\" content=\"summary_large_image\" \/>\n<meta name=\"twitter:site\" content=\"@slowmoov\" \/>\n<meta name=\"twitter:label1\" content=\"Gesch\u00e4tzte Lesezeit\" \/>\n\t<meta name=\"twitter:data1\" content=\"1\u00a0Minute\" \/>\n<script type=\"application\/ld+json\" class=\"yoast-schema-graph\">{\"@context\":\"https:\\\/\\\/schema.org\",\"@graph\":[{\"@type\":\"WebPage\",\"@id\":\"https:\\\/\\\/slowmoov.com\\\/de\\\/village-de-la-champagne\\\/a-deux-pas-champagne\\\/\",\"url\":\"https:\\\/\\\/slowmoov.com\\\/de\\\/village-de-la-champagne\\\/a-deux-pas-champagne\\\/\",\"name\":\"Zwei Schritte entfernt-Champagner - SlowMoov \u2013 Au\u00dfergew\u00f6hnliche D\u00f6rfer\",\"isPartOf\":{\"@id\":\"https:\\\/\\\/slowmoov.com\\\/de\\\/#website\"},\"datePublished\":\"2025-10-27T10:51:16+00:00\",\"dateModified\":\"2025-12-21T21:34:44+00:00\",\"breadcrumb\":{\"@id\":\"https:\\\/\\\/slowmoov.com\\\/de\\\/village-de-la-champagne\\\/a-deux-pas-champagne\\\/#breadcrumb\"},\"inLanguage\":\"de\",\"potentialAction\":[{\"@type\":\"ReadAction\",\"target\":[\"https:\\\/\\\/slowmoov.com\\\/de\\\/village-de-la-champagne\\\/a-deux-pas-champagne\\\/\"]}]},{\"@type\":\"BreadcrumbList\",\"@id\":\"https:\\\/\\\/slowmoov.com\\\/de\\\/village-de-la-champagne\\\/a-deux-pas-champagne\\\/#breadcrumb\",\"itemListElement\":[{\"@type\":\"ListItem\",\"position\":1,\"name\":\"Accueil\",\"item\":\"https:\\\/\\\/slowmoov.com\\\/de\\\/\"},{\"@type\":\"ListItem\",\"position\":2,\"name\":\"Dorf in der Champagne\",\"item\":\"https:\\\/\\\/slowmoov.com\\\/de\\\/village-de-la-champagne\\\/\"},{\"@type\":\"ListItem\",\"position\":3,\"name\":\"Zwei Schritte entfernt-Champagner\"}]},{\"@type\":\"WebSite\",\"@id\":\"https:\\\/\\\/slowmoov.com\\\/de\\\/#website\",\"url\":\"https:\\\/\\\/slowmoov.com\\\/de\\\/\",\"name\":\"SlowMoov - Villages insolites\",\"description\":\"Venez passer vos prochaines vacances originales chez Slowmoov !\",\"publisher\":{\"@id\":\"https:\\\/\\\/slowmoov.com\\\/de\\\/#organization\"},\"potentialAction\":[{\"@type\":\"SearchAction\",\"target\":{\"@type\":\"EntryPoint\",\"urlTemplate\":\"https:\\\/\\\/slowmoov.com\\\/de\\\/?s={search_term_string}\"},\"query-input\":{\"@type\":\"PropertyValueSpecification\",\"valueRequired\":true,\"valueName\":\"search_term_string\"}}],\"inLanguage\":\"de\"},{\"@type\":\"Organization\",\"@id\":\"https:\\\/\\\/slowmoov.com\\\/de\\\/#organization\",\"name\":\"SlowMoov\",\"url\":\"https:\\\/\\\/slowmoov.com\\\/de\\\/\",\"logo\":{\"@type\":\"ImageObject\",\"inLanguage\":\"de\",\"@id\":\"https:\\\/\\\/slowmoov.com\\\/de\\\/#\\\/schema\\\/logo\\\/image\\\/\",\"url\":\"https:\\\/\\\/slowmoov.com\\\/wp-content\\\/uploads\\\/2025\\\/09\\\/logo-slowmoov-1.png\",\"contentUrl\":\"https:\\\/\\\/slowmoov.com\\\/wp-content\\\/uploads\\\/2025\\\/09\\\/logo-slowmoov-1.png\",\"width\":2234,\"height\":716,\"caption\":\"SlowMoov\"},\"image\":{\"@id\":\"https:\\\/\\\/slowmoov.com\\\/de\\\/#\\\/schema\\\/logo\\\/image\\\/\"},\"sameAs\":[\"https:\\\/\\\/www.facebook.com\\\/slowmoov\\\/\",\"https:\\\/\\\/x.com\\\/slowmoov\",\"https:\\\/\\\/www.instagram.com\\\/slowmoov_villages_insolites\\\/\",\"https:\\\/\\\/www.youtube.com\\\/channel\\\/UCqwuY0zlhJy1YsVWbnm-V7A\"]}]}<\/script>\n<!-- \/ Yoast SEO plugin. -->","yoast_head_json":{"title":"Zwei Schritte entfernt-Champagner - SlowMoov \u2013 Au\u00dfergew\u00f6hnliche D\u00f6rfer","robots":{"index":"index","follow":"follow","max-snippet":"max-snippet:-1","max-image-preview":"max-image-preview:large","max-video-preview":"max-video-preview:-1"},"canonical":"https:\/\/slowmoov.com\/de\/village-de-la-champagne\/a-deux-pas-champagne\/","og_locale":"de_DE","og_type":"article","og_title":"Zwei Schritte entfernt-Champagner - SlowMoov \u2013 Au\u00dfergew\u00f6hnliche D\u00f6rfer","og_description":"Village de la Champagne &gt; In unmittelbarer N\u00e4he Was Sie in der Umgebung unternehmen k\u00f6nnen des Dorfes La Champagne Wir bieten Ihnen eine Auswahl an Sehensw\u00fcrdigkeiten und Aktivit\u00e4ten in der Umgebung des Club-Resorts. Was man in der N\u00e4he des Dorfes unternehmen kann Entdecken Sie, was Sie in unmittelbarer N\u00e4he des Village de la Champagne unternehmen [&hellip;]","og_url":"https:\/\/slowmoov.com\/de\/village-de-la-champagne\/a-deux-pas-champagne\/","og_site_name":"SlowMoov \u2013 Au\u00dfergew\u00f6hnliche D\u00f6rfer","article_publisher":"https:\/\/www.facebook.com\/slowmoov\/","article_modified_time":"2025-12-21T21:34:44+00:00","twitter_card":"summary_large_image","twitter_site":"@slowmoov","twitter_misc":{"Gesch\u00e4tzte Lesezeit":"1\u00a0Minute"},"schema":{"@context":"https:\/\/schema.org","@graph":[{"@type":"WebPage","@id":"https:\/\/slowmoov.com\/de\/village-de-la-champagne\/a-deux-pas-champagne\/","url":"https:\/\/slowmoov.com\/de\/village-de-la-champagne\/a-deux-pas-champagne\/","name":"Zwei Schritte entfernt-Champagner - SlowMoov \u2013 Au\u00dfergew\u00f6hnliche D\u00f6rfer","isPartOf":{"@id":"https:\/\/slowmoov.com\/de\/#website"},"datePublished":"2025-10-27T10:51:16+00:00","dateModified":"2025-12-21T21:34:44+00:00","breadcrumb":{"@id":"https:\/\/slowmoov.com\/de\/village-de-la-champagne\/a-deux-pas-champagne\/#breadcrumb"},"inLanguage":"de","potentialAction":[{"@type":"ReadAction","target":["https:\/\/slowmoov.com\/de\/village-de-la-champagne\/a-deux-pas-champagne\/"]}]},{"@type":"BreadcrumbList","@id":"https:\/\/slowmoov.com\/de\/village-de-la-champagne\/a-deux-pas-champagne\/#breadcrumb","itemListElement":[{"@type":"ListItem","position":1,"name":"Accueil","item":"https:\/\/slowmoov.com\/de\/"},{"@type":"ListItem","position":2,"name":"Dorf in der Champagne","item":"https:\/\/slowmoov.com\/de\/village-de-la-champagne\/"},{"@type":"ListItem","position":3,"name":"Zwei Schritte entfernt-Champagner"}]},{"@type":"WebSite","@id":"https:\/\/slowmoov.com\/de\/#website","url":"https:\/\/slowmoov.com\/de\/","name":"SlowMoov - Villages insolites","description":"Venez passer vos prochaines vacances originales chez Slowmoov !","publisher":{"@id":"https:\/\/slowmoov.com\/de\/#organization"},"potentialAction":[{"@type":"SearchAction","target":{"@type":"EntryPoint","urlTemplate":"https:\/\/slowmoov.com\/de\/?s={search_term_string}"},"query-input":{"@type":"PropertyValueSpecification","valueRequired":true,"valueName":"search_term_string"}}],"inLanguage":"de"},{"@type":"Organization","@id":"https:\/\/slowmoov.com\/de\/#organization","name":"SlowMoov","url":"https:\/\/slowmoov.com\/de\/","logo":{"@type":"ImageObject","inLanguage":"de","@id":"https:\/\/slowmoov.com\/de\/#\/schema\/logo\/image\/","url":"https:\/\/slowmoov.com\/wp-content\/uploads\/2025\/09\/logo-slowmoov-1.png","contentUrl":"https:\/\/slowmoov.com\/wp-content\/uploads\/2025\/09\/logo-slowmoov-1.png","width":2234,"height":716,"caption":"SlowMoov"},"image":{"@id":"https:\/\/slowmoov.com\/de\/#\/schema\/logo\/image\/"},"sameAs":["https:\/\/www.facebook.com\/slowmoov\/","https:\/\/x.com\/slowmoov","https:\/\/www.instagram.com\/slowmoov_villages_insolites\/","https:\/\/www.youtube.com\/channel\/UCqwuY0zlhJy1YsVWbnm-V7A"]}]}},"_links":{"self":[{"href":"https:\/\/slowmoov.com\/de\/wp-json\/wp\/v2\/pages\/74090","targetHints":{"allow":["GET"]}}],"collection":[{"href":"https:\/\/slowmoov.com\/de\/wp-json\/wp\/v2\/pages"}],"about":[{"href":"https:\/\/slowmoov.com\/de\/wp-json\/wp\/v2\/types\/page"}],"author":[{"embeddable":true,"href":"https:\/\/slowmoov.com\/de\/wp-json\/wp\/v2\/users\/5"}],"replies":[{"embeddable":true,"href":"https:\/\/slowmoov.com\/de\/wp-json\/wp\/v2\/comments?post=74090"}],"version-history":[{"count":3,"href":"https:\/\/slowmoov.com\/de\/wp-json\/wp\/v2\/pages\/74090\/revisions"}],"predecessor-version":[{"id":79689,"href":"https:\/\/slowmoov.com\/de\/wp-json\/wp\/v2\/pages\/74090\/revisions\/79689"}],"up":[{"embeddable":true,"href":"https:\/\/slowmoov.com\/de\/wp-json\/wp\/v2\/pages\/75455"}],"wp:attachment":[{"href":"https:\/\/slowmoov.com\/de\/wp-json\/wp\/v2\/media?parent=74090"}],"curies":[{"name":"wp","href":"https:\/\/api.w.org\/{rel}","templated":true}]}}