{"id":74088,"date":"2025-10-02T05:48:47","date_gmt":"2025-10-02T05:48:47","guid":{"rendered":"https:\/\/slowmoov.com\/slowmoov-stellt-ein\/"},"modified":"2025-12-23T15:52:31","modified_gmt":"2025-12-23T15:52:31","slug":"slowmoov-recrute","status":"publish","type":"page","link":"https:\/\/slowmoov.com\/de\/slowmoov-recrute\/","title":{"rendered":"Slowmoov stellt ein"},"content":{"rendered":"\t\t<div data-elementor-type=\"wp-page\" data-elementor-id=\"74088\" class=\"elementor elementor-74088 elementor-3309\" data-elementor-post-type=\"page\">\n\t\t\t\t<div class=\"elementor-element elementor-element-dfc6a3e e-con-full e-flex e-con e-parent\" data-id=\"dfc6a3e\" data-element_type=\"container\" data-e-type=\"container\" data-settings=\"{&quot;background_background&quot;:&quot;classic&quot;}\">\n\t\t<div class=\"elementor-element elementor-element-522be94 e-flex e-con-boxed e-con e-child\" data-id=\"522be94\" data-element_type=\"container\" data-e-type=\"container\">\n\t\t\t\t\t<div class=\"e-con-inner\">\n\t\t\t\t<div class=\"elementor-element elementor-element-8e7e100 elementor-widget elementor-widget-heading\" data-id=\"8e7e100\" data-element_type=\"widget\" data-e-type=\"widget\" data-widget_type=\"heading.default\">\n\t\t\t\t\t<h1 class=\"elementor-heading-title elementor-size-default\">Kommen Sie zu uns<\/h1>\t\t\t\t<\/div>\n\t\t\t\t\t<\/div>\n\t\t\t\t<\/div>\n\t\t\t\t<\/div>\n\t\t<div class=\"elementor-element elementor-element-d609f9b e-flex e-con-boxed e-con e-parent\" data-id=\"d609f9b\" data-element_type=\"container\" data-e-type=\"container\">\n\t\t\t\t\t<div class=\"e-con-inner\">\n\t\t<div class=\"elementor-element elementor-element-c745914 e-con-full e-flex e-con e-child\" data-id=\"c745914\" data-element_type=\"container\" data-e-type=\"container\">\n\t\t\t\t<div class=\"elementor-element elementor-element-973931b elementor-widget elementor-widget-text-editor\" data-id=\"973931b\" data-element_type=\"widget\" data-e-type=\"widget\" data-widget_type=\"text-editor.default\">\n\t\t\t\t\t\t\t\t\t<h4>So erreichen Sie uns - Slowmoov  <\/h4><p>Bei Slowmoov legen wir Wert darauf, dass die Arbeit einen Sinn hat. Hinter jedem Dorf, jeder Unterkunft und jedem Erlebnis unserer G\u00e4ste stehen engagierte Frauen und M\u00e4nner, die t\u00e4glich vor Ort sind.   <\/p><p>Bei Slowmoov mitzumachen bedeutet, an einem menschlichen Abenteuer teilzunehmen, das eng mit der Natur verbunden ist und bei dem man gemeinsam in einem Klima des Vertrauens, der Autonomie und des Teamgeistes voranschreitet. Die Verantwortung ist konkret, die Atmosph\u00e4re freundlich, und jeder kann seinen Platz finden, um zu lernen und sich weiterzuentwickeln.   <\/p><p>Die Berufe sind vielf\u00e4ltig: Empfang, Pflege, Reinigung, Wartung, Verwaltung&#8230;<\/p><p>Wir suchen vor allem motivierte, vielseitige und menschliche Menschen, die bereit sind, sich zu engagieren, um unseren G\u00e4sten ein authentisches und unvergessliches Erlebnis zu bieten.  <\/p><p>Wenn diese Vision Sie anspricht, ist das Slowmoov-Abenteuer vielleicht genau das Richtige f\u00fcr Sie.  <\/p><h4>Warum Slowmoov?  <\/h4><p>Bei Slowmoov zu arbeiten bedeutet auch :  <\/p><p>- In privilegierten nat\u00fcrlichen Umgebungen zu agieren.  <\/p><p>- Eine gemeinsame Vision und gemeinsame Werte teilen.  <\/p><p>- In einer freundlichen und wohlwollenden Atmosph\u00e4re voranschreiten.  <\/p><p>- Rasche Entwicklung von F\u00e4higkeiten und Verantwortlichkeiten.  <\/p><h4>Was kann man bei Slowmoov tun?  <\/h4><p>In jedem unserer D\u00f6rfer gibt es zahlreiche Aufgaben:  <\/p><p>- Empfang und Kundenbeziehungen.  <\/p><p>- Vorbereitung, Reinigung und Pflege der Unterk\u00fcnfte.  <\/p><p>- Wartung und Verbesserung der Einrichtungen.  <\/p><p>- Organisation von Dienstleistungen und Erlebnissen f\u00fcr Kunden.  <\/p><p>Hinzu kommen die Unterst\u00fctzungsfunktionen, die f\u00fcr das reibungslose Funktionieren des Ganzen unerl\u00e4sslich sind.  <\/p><p>Bei Slowmoov sind Vielseitigkeit und Einsatzbereitschaft von gro\u00dfem Vorteil.  <\/p><h4>Bewerbung<\/h4><p>Senden Sie Ihre Bewerbung (Lebenslauf und einige Worte der Motivation) an: <br><strong>emploi@slowmoov.com<\/strong><\/p><h4> <\/h4>\t\t\t\t\t\t\t\t<\/div>\n\t\t\t\t<\/div>\n\t\t\t\t\t<\/div>\n\t\t\t\t<\/div>\n\t\t\t\t<\/div>\n\t\t","protected":false},"excerpt":{"rendered":"<p>Kommen Sie zu uns So erreichen Sie uns - Slowmoov Bei Slowmoov legen wir Wert darauf, dass die Arbeit einen Sinn hat. Hinter jedem Dorf, jeder Unterkunft und jedem Erlebnis unserer G\u00e4ste stehen engagierte Frauen und M\u00e4nner, die t\u00e4glich vor Ort sind. Bei Slowmoov mitzumachen bedeutet, an einem menschlichen Abenteuer teilzunehmen, das eng mit der [&hellip;]<\/p>\n","protected":false},"author":5,"featured_media":0,"parent":0,"menu_order":0,"comment_status":"closed","ping_status":"closed","template":"","meta":{"_acf_changed":false,"footnotes":""},"class_list":["post-74088","page","type-page","status-publish","hentry"],"acf":[],"yoast_head":"<!-- This site is optimized with the Yoast SEO plugin v27.5 - https:\/\/yoast.com\/product\/yoast-seo-wordpress\/ -->\n<title>Einstellung bei Slowmoov<\/title>\n<meta name=\"description\" content=\"M\u00f6chten Sie eine andere Arbeitserfahrung machen? Slowmoov bietet verschiedene Positionen vom Betrieb bis zum Management an.\" \/>\n<meta name=\"robots\" content=\"index, follow, max-snippet:-1, max-image-preview:large, max-video-preview:-1\" \/>\n<link rel=\"canonical\" href=\"https:\/\/slowmoov.com\/de\/slowmoov-recrute\/\" \/>\n<meta property=\"og:locale\" content=\"de_DE\" \/>\n<meta property=\"og:type\" content=\"article\" \/>\n<meta property=\"og:title\" content=\"Einstellung bei Slowmoov\" \/>\n<meta property=\"og:description\" content=\"M\u00f6chten Sie eine andere Arbeitserfahrung machen? Slowmoov bietet verschiedene Positionen vom Betrieb bis zum Management an.\" \/>\n<meta property=\"og:url\" content=\"https:\/\/slowmoov.com\/de\/slowmoov-recrute\/\" \/>\n<meta property=\"og:site_name\" content=\"SlowMoov \u2013 Au\u00dfergew\u00f6hnliche D\u00f6rfer\" \/>\n<meta property=\"article:publisher\" content=\"https:\/\/www.facebook.com\/slowmoov\/\" \/>\n<meta property=\"article:modified_time\" content=\"2025-12-23T15:52:31+00:00\" \/>\n<meta name=\"twitter:card\" content=\"summary_large_image\" \/>\n<meta name=\"twitter:site\" content=\"@slowmoov\" \/>\n<meta name=\"twitter:label1\" content=\"Gesch\u00e4tzte Lesezeit\" \/>\n\t<meta name=\"twitter:data1\" content=\"1\u00a0Minute\" \/>\n<script type=\"application\/ld+json\" class=\"yoast-schema-graph\">{\"@context\":\"https:\\\/\\\/schema.org\",\"@graph\":[{\"@type\":\"WebPage\",\"@id\":\"https:\\\/\\\/slowmoov.com\\\/de\\\/slowmoov-recrute\\\/\",\"url\":\"https:\\\/\\\/slowmoov.com\\\/de\\\/slowmoov-recrute\\\/\",\"name\":\"Einstellung bei Slowmoov\",\"isPartOf\":{\"@id\":\"https:\\\/\\\/slowmoov.com\\\/de\\\/#website\"},\"datePublished\":\"2025-10-02T05:48:47+00:00\",\"dateModified\":\"2025-12-23T15:52:31+00:00\",\"description\":\"M\u00f6chten Sie eine andere Arbeitserfahrung machen? Slowmoov bietet verschiedene Positionen vom Betrieb bis zum Management an.\",\"breadcrumb\":{\"@id\":\"https:\\\/\\\/slowmoov.com\\\/de\\\/slowmoov-recrute\\\/#breadcrumb\"},\"inLanguage\":\"de\",\"potentialAction\":[{\"@type\":\"ReadAction\",\"target\":[\"https:\\\/\\\/slowmoov.com\\\/de\\\/slowmoov-recrute\\\/\"]}]},{\"@type\":\"BreadcrumbList\",\"@id\":\"https:\\\/\\\/slowmoov.com\\\/de\\\/slowmoov-recrute\\\/#breadcrumb\",\"itemListElement\":[{\"@type\":\"ListItem\",\"position\":1,\"name\":\"Accueil\",\"item\":\"https:\\\/\\\/slowmoov.com\\\/de\\\/\"},{\"@type\":\"ListItem\",\"position\":2,\"name\":\"Slowmoov stellt ein\"}]},{\"@type\":\"WebSite\",\"@id\":\"https:\\\/\\\/slowmoov.com\\\/de\\\/#website\",\"url\":\"https:\\\/\\\/slowmoov.com\\\/de\\\/\",\"name\":\"SlowMoov - Villages insolites\",\"description\":\"Venez passer vos prochaines vacances originales chez Slowmoov !\",\"publisher\":{\"@id\":\"https:\\\/\\\/slowmoov.com\\\/de\\\/#organization\"},\"potentialAction\":[{\"@type\":\"SearchAction\",\"target\":{\"@type\":\"EntryPoint\",\"urlTemplate\":\"https:\\\/\\\/slowmoov.com\\\/de\\\/?s={search_term_string}\"},\"query-input\":{\"@type\":\"PropertyValueSpecification\",\"valueRequired\":true,\"valueName\":\"search_term_string\"}}],\"inLanguage\":\"de\"},{\"@type\":\"Organization\",\"@id\":\"https:\\\/\\\/slowmoov.com\\\/de\\\/#organization\",\"name\":\"SlowMoov\",\"url\":\"https:\\\/\\\/slowmoov.com\\\/de\\\/\",\"logo\":{\"@type\":\"ImageObject\",\"inLanguage\":\"de\",\"@id\":\"https:\\\/\\\/slowmoov.com\\\/de\\\/#\\\/schema\\\/logo\\\/image\\\/\",\"url\":\"https:\\\/\\\/slowmoov.com\\\/wp-content\\\/uploads\\\/2025\\\/09\\\/logo-slowmoov-1.png\",\"contentUrl\":\"https:\\\/\\\/slowmoov.com\\\/wp-content\\\/uploads\\\/2025\\\/09\\\/logo-slowmoov-1.png\",\"width\":2234,\"height\":716,\"caption\":\"SlowMoov\"},\"image\":{\"@id\":\"https:\\\/\\\/slowmoov.com\\\/de\\\/#\\\/schema\\\/logo\\\/image\\\/\"},\"sameAs\":[\"https:\\\/\\\/www.facebook.com\\\/slowmoov\\\/\",\"https:\\\/\\\/x.com\\\/slowmoov\",\"https:\\\/\\\/www.instagram.com\\\/slowmoov_villages_insolites\\\/\",\"https:\\\/\\\/www.youtube.com\\\/channel\\\/UCqwuY0zlhJy1YsVWbnm-V7A\"]}]}<\/script>\n<!-- \/ Yoast SEO plugin. -->","yoast_head_json":{"title":"Einstellung bei Slowmoov","description":"M\u00f6chten Sie eine andere Arbeitserfahrung machen? Slowmoov bietet verschiedene Positionen vom Betrieb bis zum Management an.","robots":{"index":"index","follow":"follow","max-snippet":"max-snippet:-1","max-image-preview":"max-image-preview:large","max-video-preview":"max-video-preview:-1"},"canonical":"https:\/\/slowmoov.com\/de\/slowmoov-recrute\/","og_locale":"de_DE","og_type":"article","og_title":"Einstellung bei Slowmoov","og_description":"M\u00f6chten Sie eine andere Arbeitserfahrung machen? Slowmoov bietet verschiedene Positionen vom Betrieb bis zum Management an.","og_url":"https:\/\/slowmoov.com\/de\/slowmoov-recrute\/","og_site_name":"SlowMoov \u2013 Au\u00dfergew\u00f6hnliche D\u00f6rfer","article_publisher":"https:\/\/www.facebook.com\/slowmoov\/","article_modified_time":"2025-12-23T15:52:31+00:00","twitter_card":"summary_large_image","twitter_site":"@slowmoov","twitter_misc":{"Gesch\u00e4tzte Lesezeit":"1\u00a0Minute"},"schema":{"@context":"https:\/\/schema.org","@graph":[{"@type":"WebPage","@id":"https:\/\/slowmoov.com\/de\/slowmoov-recrute\/","url":"https:\/\/slowmoov.com\/de\/slowmoov-recrute\/","name":"Einstellung bei Slowmoov","isPartOf":{"@id":"https:\/\/slowmoov.com\/de\/#website"},"datePublished":"2025-10-02T05:48:47+00:00","dateModified":"2025-12-23T15:52:31+00:00","description":"M\u00f6chten Sie eine andere Arbeitserfahrung machen? Slowmoov bietet verschiedene Positionen vom Betrieb bis zum Management an.","breadcrumb":{"@id":"https:\/\/slowmoov.com\/de\/slowmoov-recrute\/#breadcrumb"},"inLanguage":"de","potentialAction":[{"@type":"ReadAction","target":["https:\/\/slowmoov.com\/de\/slowmoov-recrute\/"]}]},{"@type":"BreadcrumbList","@id":"https:\/\/slowmoov.com\/de\/slowmoov-recrute\/#breadcrumb","itemListElement":[{"@type":"ListItem","position":1,"name":"Accueil","item":"https:\/\/slowmoov.com\/de\/"},{"@type":"ListItem","position":2,"name":"Slowmoov stellt ein"}]},{"@type":"WebSite","@id":"https:\/\/slowmoov.com\/de\/#website","url":"https:\/\/slowmoov.com\/de\/","name":"SlowMoov - Villages insolites","description":"Venez passer vos prochaines vacances originales chez Slowmoov !","publisher":{"@id":"https:\/\/slowmoov.com\/de\/#organization"},"potentialAction":[{"@type":"SearchAction","target":{"@type":"EntryPoint","urlTemplate":"https:\/\/slowmoov.com\/de\/?s={search_term_string}"},"query-input":{"@type":"PropertyValueSpecification","valueRequired":true,"valueName":"search_term_string"}}],"inLanguage":"de"},{"@type":"Organization","@id":"https:\/\/slowmoov.com\/de\/#organization","name":"SlowMoov","url":"https:\/\/slowmoov.com\/de\/","logo":{"@type":"ImageObject","inLanguage":"de","@id":"https:\/\/slowmoov.com\/de\/#\/schema\/logo\/image\/","url":"https:\/\/slowmoov.com\/wp-content\/uploads\/2025\/09\/logo-slowmoov-1.png","contentUrl":"https:\/\/slowmoov.com\/wp-content\/uploads\/2025\/09\/logo-slowmoov-1.png","width":2234,"height":716,"caption":"SlowMoov"},"image":{"@id":"https:\/\/slowmoov.com\/de\/#\/schema\/logo\/image\/"},"sameAs":["https:\/\/www.facebook.com\/slowmoov\/","https:\/\/x.com\/slowmoov","https:\/\/www.instagram.com\/slowmoov_villages_insolites\/","https:\/\/www.youtube.com\/channel\/UCqwuY0zlhJy1YsVWbnm-V7A"]}]}},"_links":{"self":[{"href":"https:\/\/slowmoov.com\/de\/wp-json\/wp\/v2\/pages\/74088","targetHints":{"allow":["GET"]}}],"collection":[{"href":"https:\/\/slowmoov.com\/de\/wp-json\/wp\/v2\/pages"}],"about":[{"href":"https:\/\/slowmoov.com\/de\/wp-json\/wp\/v2\/types\/page"}],"author":[{"embeddable":true,"href":"https:\/\/slowmoov.com\/de\/wp-json\/wp\/v2\/users\/5"}],"replies":[{"embeddable":true,"href":"https:\/\/slowmoov.com\/de\/wp-json\/wp\/v2\/comments?post=74088"}],"version-history":[{"count":3,"href":"https:\/\/slowmoov.com\/de\/wp-json\/wp\/v2\/pages\/74088\/revisions"}],"predecessor-version":[{"id":80807,"href":"https:\/\/slowmoov.com\/de\/wp-json\/wp\/v2\/pages\/74088\/revisions\/80807"}],"wp:attachment":[{"href":"https:\/\/slowmoov.com\/de\/wp-json\/wp\/v2\/media?parent=74088"}],"curies":[{"name":"wp","href":"https:\/\/api.w.org\/{rel}","templated":true}]}}